{"id":474,"date":"2015-01-18T20:41:23","date_gmt":"2015-01-18T20:41:23","guid":{"rendered":"http:\/\/www.microbox.cz\/?page_id=474"},"modified":"2016-11-07T15:06:12","modified_gmt":"2016-11-07T15:06:12","slug":"microbox-a-cesnek","status":"publish","type":"page","link":"http:\/\/www.microbox.cz\/?page_id=474","title":{"rendered":"MICROBOX A \u010cESNEK"},"content":{"rendered":"<p style=\"text-align: justify;\">V Microboxech lze prakticky p\u011bstovat jak\u00e9koliv rostliny. P\u0159\u00edkladem je dom\u00e1c\u00ed p\u011bstovan\u00ed a n\u00e1sledn\u00e9 pou\u017eit\u00ed \u010desnekov\u00e9 nati. Na\u0165 je mnohem jemn\u011bj\u0161\u00ed a zachov\u00e1v\u00e1 si v\u0161echny p\u0159ednosti \u010desneku. Aroma \u010desnekov\u00e9 nati je m\u00e9n\u011b vt\u00edrav\u00e9 a po j\u00eddle vyprch\u00e1 rychleji ne\u017e pach strou\u017ek\u016f. Obsahov\u011b je na\u0165 stejn\u011b hodnotn\u00e1, dokonce bohat\u0161\u00ed na vitamin C. Nav\u00edc zpest\u0159uje j\u00eddla sv\u011b\u017e\u00ed zelenou barvou. \u010cesnekov\u00e1 na\u0165 je vhodn\u00e1 do pomaz\u00e1nek, pol\u00e9vek i om\u00e1\u010dek. V Microboxech ji m\u016f\u017eeme p\u011bstovat celoro\u010dn\u011b i v bytov\u00fdch podm\u00ednk\u00e1ch, nap\u0159. na okenn\u00edm parapetu a st\u00e1le m\u00e1me k dispozici v\u017edy \u010derstvou na\u0165 bez ohledu na po\u010das\u00ed. Sta\u010d\u00ed zasadit strou\u017eek \u010desneku (bez nutnosti mo\u0159en\u00ed) do vhodn\u00e9ho substr\u00e1tu a m\u00edrn\u011b zal\u00edt. Pou\u017e\u00edt m\u016f\u017eeme jak\u00fdkoliv \u010desnek i m\u00edrn\u011b nakl\u00ed\u010den\u00fd. V prvn\u00edch 2 t\u00fddnech s uzav\u0159en\u00fdm v\u00ed\u010dkem. V dal\u0161\u00edm t\u00fddnu ji\u017e dosahuje na\u0165 d\u00e9lky kolem 15-20 cm a je vhodn\u00e1 k pou\u017eit\u00ed. Podle velikosti pou\u017eit\u00e9ho Microboxu m\u016f\u017eeme zasadit i v\u00edce strou\u017ek\u016f v jedn\u00e9 n\u00e1dob\u011b. V pr\u016fhledn\u00fdch Microboxech m\u016f\u017eeme i pozorovat rozvoj ko\u0159enov\u00e9ho syst\u00e9mu a sledovat f\u00e1ze r\u016fstu.<\/p>\n<p style=\"text-align: justify;\"><img loading=\"lazy\" class=\"alignnone wp-image-475 \" src=\"http:\/\/www.microbox.cz\/wp-content\/uploads\/2015\/01\/cesnek1.png\" alt=\"\" width=\"250\" height=\"274\" srcset=\"http:\/\/www.microbox.cz\/wp-content\/uploads\/2015\/01\/cesnek1.png 460w, http:\/\/www.microbox.cz\/wp-content\/uploads\/2015\/01\/cesnek1-273x300.png 273w\" sizes=\"(max-width: 250px) 100vw, 250px\" \/> <img loading=\"lazy\" class=\"alignnone wp-image-476 \" src=\"http:\/\/www.microbox.cz\/wp-content\/uploads\/2015\/01\/cesnek2.png\" alt=\"\" width=\"292\" height=\"277\" srcset=\"http:\/\/www.microbox.cz\/wp-content\/uploads\/2015\/01\/cesnek2.png 536w, http:\/\/www.microbox.cz\/wp-content\/uploads\/2015\/01\/cesnek2-300x284.png 300w\" sizes=\"(max-width: 292px) 100vw, 292px\" \/> <img loading=\"lazy\" class=\"alignnone wp-image-477 \" src=\"http:\/\/www.microbox.cz\/wp-content\/uploads\/2015\/01\/cesnek3.png\" alt=\"\" width=\"301\" height=\"226\" srcset=\"http:\/\/www.microbox.cz\/wp-content\/uploads\/2015\/01\/cesnek3.png 700w, http:\/\/www.microbox.cz\/wp-content\/uploads\/2015\/01\/cesnek3-300x225.png 300w\" sizes=\"(max-width: 301px) 100vw, 301px\" \/> <img loading=\"lazy\" class=\"alignnone wp-image-478 \" src=\"http:\/\/www.microbox.cz\/wp-content\/uploads\/2015\/01\/cesnek4.png\" alt=\"\" width=\"260\" height=\"347\" srcset=\"http:\/\/www.microbox.cz\/wp-content\/uploads\/2015\/01\/cesnek4.png 700w, http:\/\/www.microbox.cz\/wp-content\/uploads\/2015\/01\/cesnek4-225x300.png 225w\" sizes=\"(max-width: 260px) 100vw, 260px\" \/><img loading=\"lazy\" class=\"alignnone  wp-image-479\" src=\"http:\/\/www.microbox.cz\/wp-content\/uploads\/2015\/01\/cesnek5.png\" alt=\"\" width=\"275\" height=\"206\" srcset=\"http:\/\/www.microbox.cz\/wp-content\/uploads\/2015\/01\/cesnek5.png 700w, http:\/\/www.microbox.cz\/wp-content\/uploads\/2015\/01\/cesnek5-300x225.png 300w\" sizes=\"(max-width: 275px) 100vw, 275px\" \/> <img loading=\"lazy\" class=\"alignnone wp-image-480 \" src=\"http:\/\/www.microbox.cz\/wp-content\/uploads\/2015\/01\/cesnek6.png\" alt=\"\" width=\"278\" height=\"209\" srcset=\"http:\/\/www.microbox.cz\/wp-content\/uploads\/2015\/01\/cesnek6.png 700w, http:\/\/www.microbox.cz\/wp-content\/uploads\/2015\/01\/cesnek6-300x225.png 300w\" sizes=\"(max-width: 278px) 100vw, 278px\" \/><img loading=\"lazy\" class=\"alignnone  wp-image-492\" src=\"http:\/\/www.microbox.cz\/wp-content\/uploads\/2015\/01\/cesnek7.png\" alt=\"\" width=\"312\" height=\"234\" srcset=\"http:\/\/www.microbox.cz\/wp-content\/uploads\/2015\/01\/cesnek7.png 700w, http:\/\/www.microbox.cz\/wp-content\/uploads\/2015\/01\/cesnek7-300x225.png 300w\" sizes=\"(max-width: 312px) 100vw, 312px\" \/><\/p>\n","protected":false},"excerpt":{"rendered":"<p>V Microboxech lze prakticky p\u011bstovat jak\u00e9koliv rostliny. P\u0159\u00edkladem je dom\u00e1c\u00ed p\u011bstovan\u00ed a n\u00e1sledn\u00e9 pou\u017eit\u00ed \u010desnekov\u00e9 nati. Na\u0165 je mnohem jemn\u011bj\u0161\u00ed a zachov\u00e1v\u00e1 si v\u0161echny p\u0159ednosti \u010desneku. Aroma \u010desnekov\u00e9 nati je m\u00e9n\u011b vt\u00edrav\u00e9 a po j\u00eddle vyprch\u00e1 rychleji ne\u017e pach strou\u017ek\u016f. Obsahov\u011b je na\u0165 stejn\u011b hodnotn\u00e1, dokonce bohat\u0161\u00ed na vitamin C. Nav\u00edc zpest\u0159uje j\u00eddla sv\u011b\u017e\u00ed zelenou <a class=\"read-more\" href=\"http:\/\/www.microbox.cz\/?page_id=474\">...continue reading <span class=\"meta-nav\">&rarr;<\/span><\/a><\/p>\n","protected":false},"author":1,"featured_media":0,"parent":121,"menu_order":0,"comment_status":"closed","ping_status":"closed","template":"","meta":[],"_links":{"self":[{"href":"http:\/\/www.microbox.cz\/index.php?rest_route=\/wp\/v2\/pages\/474"}],"collection":[{"href":"http:\/\/www.microbox.cz\/index.php?rest_route=\/wp\/v2\/pages"}],"about":[{"href":"http:\/\/www.microbox.cz\/index.php?rest_route=\/wp\/v2\/types\/page"}],"author":[{"embeddable":true,"href":"http:\/\/www.microbox.cz\/index.php?rest_route=\/wp\/v2\/users\/1"}],"replies":[{"embeddable":true,"href":"http:\/\/www.microbox.cz\/index.php?rest_route=%2Fwp%2Fv2%2Fcomments&post=474"}],"version-history":[{"count":17,"href":"http:\/\/www.microbox.cz\/index.php?rest_route=\/wp\/v2\/pages\/474\/revisions"}],"predecessor-version":[{"id":888,"href":"http:\/\/www.microbox.cz\/index.php?rest_route=\/wp\/v2\/pages\/474\/revisions\/888"}],"up":[{"embeddable":true,"href":"http:\/\/www.microbox.cz\/index.php?rest_route=\/wp\/v2\/pages\/121"}],"wp:attachment":[{"href":"http:\/\/www.microbox.cz\/index.php?rest_route=%2Fwp%2Fv2%2Fmedia&parent=474"}],"curies":[{"name":"wp","href":"https:\/\/api.w.org\/{rel}","templated":true}]}}