{"id":526,"date":"2015-05-19T09:48:58","date_gmt":"2015-05-19T09:48:58","guid":{"rendered":"http:\/\/www.microbox.cz\/?page_id=526"},"modified":"2019-03-31T21:08:24","modified_gmt":"2019-03-31T21:08:24","slug":"video-navody","status":"publish","type":"page","link":"http:\/\/www.microbox.cz\/?page_id=526","title":{"rendered":"Video n\u00e1vody houby"},"content":{"rendered":"<p>Video n\u00e1vod\u016f na p\u011bstov\u00e1n\u00ed r\u016fzn\u00fdch hub, hlavn\u011b hl\u00edvy a shiitake, ale i tvorbu v\u00fdluh\u016f z reishi existuje na netu cel\u00e1 \u0159ada. N\u00ed\u017ee v\u00fdb\u011br t\u011bch lep\u0161\u00edch, p\u0159edev\u0161\u00edm prakticky pou\u017eiteln\u00fdch a z\u00e1rove\u0148 i pou\u010dn\u00fdch.<\/p>\n<div id=\"wondercarousellightbox_options\" data-skinsfoldername=\"\"  data-jsfolder=\"http:\/\/www.microbox.cz\/wp-content\/plugins\/FreemakeSliderPlugin\/engine\/\" style=\"display:none;\"><\/div>\r\n<style type=\"text\/css\">@import url(https:\/\/fonts.googleapis.com\/css?family=Open+Sans);  #fmcarousel-3 .amazingcarousel-image {\t \tposition: relative; \tpadding: 4px; \tbackground-color: #fff; \t-moz-box-shadow:  0 1px 4px rgba(0, 0, 0, 0.2); \t-webkit-box-shadow: 0 1px 4px rgba(0, 0, 0, 0.2); \tbox-shadow: 0 1px 4px rgba(0, 0, 0, 0.2); }  #fmcarousel-3 .amazingcarousel-image img { \tdisplay: block; \twidth: 100%; \tmax-width: 100%; \tborder: 0; \tmargin: 0; \tpadding: 0; \t-moz-border-radius: 0px; \t-webkit-border-radius: 0px; \tborder-radius: 0px; }  #fmcarousel-3 .amazingcarousel-title { \tposition:relative; \tfont: bold 12px \"Open Sans\", sans-serif; \tcolor:#333333; \tmargin:6px; \ttext-align:center; \tline-height: 14px; \toverflow: hidden; }  #fmcarousel-3 .amazingcarousel-description { \tposition:relative; \tfont: 12px \"Open Sans\", sans-serif; \tcolor:#333333; \tmargin:6px; \ttext-align:left; \tline-height: 14px;\t\t \toverflow: hidden; }  #fmcarousel-3 .amazingcarousel-list-container {  \tpadding: 8px 0; }  #fmcarousel-3 .amazingcarousel-item-container { \ttext-align: center; \tpadding: 4px; }  #fmcarousel-3 .amazingcarousel-prev { \tleft: 0%; \ttop: 50%; \tmargin-left: -60px; \tmargin-top: -24px; }  #fmcarousel-3 .amazingcarousel-next { \tright: 0%; \ttop: 50%; \tmargin-right: -60px; \tmargin-top: -24px; }  #fmcarousel-3 .amazingcarousel-nav { \tposition: absolute; \twidth: 100%; \ttop: 100%; }  #fmcarousel-3 .amazingcarousel-bullet-wrapper { \tmargin: 4px auto; }<\/style><div class=\"fmcarousel-container\" id=\"fmcarousel-container-3\"><div class=\"fmcarousel\" id=\"fmcarousel-3\" data-carouselid=\"3\" data-width=\"240\" data-height=\"180\" data-skin=\"tworows\" data-sameheight=\"false\" data-sameheightresponsive=\"false\" data-fullwidth=\"false\" data-centerimage=\"true\" data-fitimage=\"false\" data-fitcenterimage=\"false\" data-fixaspectratio=\"true\" data-autoplay=\"true\" data-random=\"false\" data-circular=\"true\" data-pauseonmouseover=\"true\" data-continuous=\"false\" data-responsive=\"true\" data-showhoveroverlay=\"true\" data-showhoveroverlayalways=\"false\" data-hidehoveroverlayontouch=\"false\" data-lightboxresponsive=\"true\" data-lightboxshownavigation=\"false\" data-lightboxnogroup=\"false\" data-lightboxshowtitle=\"true\" data-lightboxshowdescription=\"false\" data-usescreenquery=\"false\" data-donotinit=\"false\" data-addinitscript=\"false\" data-doshortcodeontext=\"false\" data-lightboxshowsocial=\"false\" data-lightboxshowfacebook=\"true\" data-lightboxshowtwitter=\"true\" data-lightboxshowpinterest=\"true\" data-lightboxsocialrotateeffect=\"true\" data-hidecontainerbeforeloaded=\"false\" data-hidecontaineroninit=\"false\" data-lightboximagekeepratio=\"true\" data-showplayvideo=\"true\" data-triggerresize=\"false\" data-lightboxfullscreenmode=\"false\" data-lightboxcloseonoverlay=\"true\" data-lightboxvideohidecontrols=\"false\" data-lightboxautoslide=\"false\" data-lightboxshowtimer=\"true\" data-lightboxshowplaybutton=\"true\" data-lightboxalwaysshownavarrows=\"false\" data-lightboxshowtitleprefix=\"true\" data-spacing=\"4\" data-rownumber=\"2\" data-visibleitems=\"3\" data-arrowstyle=\"always\" data-arrowimage=\"arrows-48-48-2.png\" data-arrowwidth=\"48\" data-arrowheight=\"48\" data-navstyle=\"bullets\" data-navimage=\"bullet-16-16-0.png\" data-navwidth=\"16\" data-navheight=\"16\" data-navspacing=\"8\" data-hoveroverlayimage=\"hoveroverlay-64-64-5.png\" data-lightboxthumbwidth=\"90\" data-lightboxthumbheight=\"60\" data-lightboxthumbtopmargin=\"12\" data-lightboxthumbbottommargin=\"4\" data-lightboxbarheight=\"64\" data-lightboxtitlebottomcss=\"{color:#333; font-size:14px; font-family:Armata,sans-serif,Arial; overflow:hidden; text-align:left;}\" data-lightboxdescriptionbottomcss=\"{color:#333; font-size:12px; font-family:Arial,Helvetica,sans-serif; overflow:hidden; text-align:left; margin:4px 0px 0px; padding: 0px;}\" data-continuousduration=\"2500\" data-scrollmode=\"page\" data-interval=\"3000\" data-transitionduration=\"1000\" data-lightboxtitlestyle=\"bottom\" data-lightboximagepercentage=\"75\" data-lightboxdefaultvideovolume=\"1\" data-lightboxoverlaybgcolor=\"#000\" data-lightboxoverlayopacity=\"0.9\" data-lightboxbgcolor=\"#fff\" data-lightboxtitleprefix=\"%NUM \/ %TOTAL\" data-lightboxtitleinsidecss=\"color:#fff; font-size:16px; font-family:Arial,Helvetica,sans-serif; overflow:hidden; text-align:left;\" data-lightboxdescriptioninsidecss=\"color:#fff; font-size:12px; font-family:Arial,Helvetica,sans-serif; overflow:hidden; text-align:left; margin:4px 0px 0px; padding: 0px;\" data-playvideoimage=\"playvideo-64-64-0.png\" data-playvideoimagepos=\"center\" data-lightboxsocialposition=\"position:absolute;top:100%;right:0;\" data-lightboxsocialpositionsmallscreen=\"position:absolute;top:100%;right:0;left:0;\" data-lightboxsocialdirection=\"horizontal\" data-lightboxsocialbuttonsize=\"32\" data-lightboxsocialbuttonfontsize=\"18\" data-sameheightmediumscreen=\"769\" data-sameheightmediumheight=\"200\" data-sameheightsmallscreen=\"415\" data-sameheightsmallheight=\"150\" data-triggerresizedelay=\"100\" data-lightboxslideinterval=\"5000\" data-lightboxtimerposition=\"bottom\" data-lightboxtimercolor=\"#dc572e\" data-lightboxtimeropacity=\"1\" data-lightboxbordersize=\"8\" data-lightboxborderradius=\"0\" data-screenquery='{ \"tablet\": { \"screenwidth\": 800, \"visibleitems\": 2 }, \"mobile\": { \"screenwidth\": 480, \"visibleitems\": 1 } }' data-jsfolder=\"http:\/\/www.microbox.cz\/wp-content\/plugins\/FreemakeSliderPlugin\/engine\/\" style=\"display:none;position:relative;margin:0 auto;width:100%;max-width:720px;\" ><div class=\"amazingcarousel-list-container\" style=\"overflow:hidden;\"><ul class=\"amazingcarousel-list\"><li class=\"amazingcarousel-item\"><div class=\"amazingcarousel-item-container\"><div class=\"amazingcarousel-image\"><a href=\"https:\/\/www.youtube.com\/embed\/NGi6cVYtgeg\" data-thumbnail=\"https:\/\/img.youtube.com\/vi\/NGi6cVYtgeg\/1.jpg\" class=\"wondercarousellightbox wondercarousellightbox-3\" data-group=\"wondercarousellightbox-3\"><img src=\"https:\/\/img.youtube.com\/vi\/NGi6cVYtgeg\/0.jpg\" alt=\"\" data-description=\"\" \/><\/a><\/div>\n<div class=\"amazingcarousel-title\"><\/div><\/div><div class=\"amazingcarousel-item-container\"><div class=\"amazingcarousel-image\"><a href=\"https:\/\/www.youtube.com\/embed\/I4A7MRNakt0\" data-thumbnail=\"https:\/\/img.youtube.com\/vi\/I4A7MRNakt0\/1.jpg\" class=\"wondercarousellightbox wondercarousellightbox-3\" data-group=\"wondercarousellightbox-3\"><img src=\"https:\/\/img.youtube.com\/vi\/I4A7MRNakt0\/0.jpg\" alt=\"\" data-description=\"\" \/><\/a><\/div>\n<div class=\"amazingcarousel-title\"><\/div><\/div><\/li><li class=\"amazingcarousel-item\"><div class=\"amazingcarousel-item-container\"><div class=\"amazingcarousel-image\"><a href=\"https:\/\/www.youtube.com\/embed\/r10GqUKmSbc\" data-thumbnail=\"https:\/\/img.youtube.com\/vi\/r10GqUKmSbc\/1.jpg\" class=\"wondercarousellightbox wondercarousellightbox-3\" data-group=\"wondercarousellightbox-3\"><img src=\"https:\/\/img.youtube.com\/vi\/r10GqUKmSbc\/0.jpg\" alt=\"\" data-description=\"\" \/><\/a><\/div>\n<div class=\"amazingcarousel-title\"><\/div><\/div><div class=\"amazingcarousel-item-container\"><div class=\"amazingcarousel-image\"><a href=\"https:\/\/www.youtube.com\/embed\/pibnCO3HKHI\" data-thumbnail=\"https:\/\/img.youtube.com\/vi\/pibnCO3HKHI\/1.jpg\" class=\"wondercarousellightbox wondercarousellightbox-3\" data-group=\"wondercarousellightbox-3\"><img src=\"https:\/\/img.youtube.com\/vi\/pibnCO3HKHI\/0.jpg\" alt=\"\" data-description=\"\" \/><\/a><\/div>\n<div class=\"amazingcarousel-title\"><\/div><\/div><\/li><li class=\"amazingcarousel-item\"><div class=\"amazingcarousel-item-container\"><div class=\"amazingcarousel-image\"><a href=\"https:\/\/www.youtube.com\/embed\/lWXZfaEjQbQ\" data-thumbnail=\"https:\/\/img.youtube.com\/vi\/lWXZfaEjQbQ\/1.jpg\" class=\"wondercarousellightbox wondercarousellightbox-3\" data-group=\"wondercarousellightbox-3\"><img src=\"https:\/\/img.youtube.com\/vi\/lWXZfaEjQbQ\/0.jpg\" alt=\"\" data-description=\"\" \/><\/a><\/div>\n<div class=\"amazingcarousel-title\"><\/div><\/div><div class=\"amazingcarousel-item-container\"><div class=\"amazingcarousel-image\"><a href=\"https:\/\/www.youtube.com\/embed\/ystRW4rlqTk\" data-thumbnail=\"https:\/\/img.youtube.com\/vi\/ystRW4rlqTk\/1.jpg\" class=\"wondercarousellightbox wondercarousellightbox-3\" data-group=\"wondercarousellightbox-3\"><img src=\"https:\/\/img.youtube.com\/vi\/ystRW4rlqTk\/0.jpg\" alt=\"\" data-description=\"\" \/><\/a><\/div>\n<div class=\"amazingcarousel-title\"><\/div><\/div><\/li><li class=\"amazingcarousel-item\"><div class=\"amazingcarousel-item-container\"><div class=\"amazingcarousel-image\"><a href=\"https:\/\/www.youtube.com\/embed\/H8rDVWtJHTU\" data-thumbnail=\"https:\/\/img.youtube.com\/vi\/H8rDVWtJHTU\/1.jpg\" class=\"wondercarousellightbox wondercarousellightbox-3\" data-group=\"wondercarousellightbox-3\"><img src=\"https:\/\/img.youtube.com\/vi\/H8rDVWtJHTU\/0.jpg\" alt=\"\" data-description=\"\" \/><\/a><\/div>\n<div class=\"amazingcarousel-title\"><\/div><\/div><div class=\"amazingcarousel-item-container\"><div class=\"amazingcarousel-image\"><a href=\"https:\/\/www.youtube.com\/embed\/sttV-JBzvZY\" data-thumbnail=\"https:\/\/img.youtube.com\/vi\/sttV-JBzvZY\/1.jpg\" class=\"wondercarousellightbox wondercarousellightbox-3\" data-group=\"wondercarousellightbox-3\"><img src=\"https:\/\/img.youtube.com\/vi\/sttV-JBzvZY\/0.jpg\" alt=\"\" data-description=\"\" \/><\/a><\/div>\n<div class=\"amazingcarousel-title\"><\/div><\/div><\/li><li class=\"amazingcarousel-item\"><div class=\"amazingcarousel-item-container\"><div class=\"amazingcarousel-image\"><a href=\"https:\/\/www.youtube.com\/embed\/6jtNc9V9KSA\" data-thumbnail=\"https:\/\/img.youtube.com\/vi\/6jtNc9V9KSA\/1.jpg\" class=\"wondercarousellightbox wondercarousellightbox-3\" data-group=\"wondercarousellightbox-3\"><img src=\"https:\/\/img.youtube.com\/vi\/6jtNc9V9KSA\/0.jpg\" alt=\"\" data-description=\"\" \/><\/a><\/div>\n<div class=\"amazingcarousel-title\"><\/div><\/div><div class=\"amazingcarousel-item-container\"><div class=\"amazingcarousel-image\"><a href=\"https:\/\/www.youtube.com\/embed\/ywGOiZRE5Yw\" data-thumbnail=\"https:\/\/img.youtube.com\/vi\/ywGOiZRE5Yw\/1.jpg\" class=\"wondercarousellightbox wondercarousellightbox-3\" data-group=\"wondercarousellightbox-3\"><img src=\"https:\/\/img.youtube.com\/vi\/ywGOiZRE5Yw\/0.jpg\" alt=\"\" data-description=\"\" \/><\/a><\/div>\n<div class=\"amazingcarousel-title\"><\/div><\/div><\/li><li class=\"amazingcarousel-item\"><div class=\"amazingcarousel-item-container\"><div class=\"amazingcarousel-image\"><a href=\"https:\/\/www.youtube.com\/embed\/BcQ43BxGxvw\" data-thumbnail=\"https:\/\/img.youtube.com\/vi\/BcQ43BxGxvw\/1.jpg\" class=\"wondercarousellightbox wondercarousellightbox-3\" data-group=\"wondercarousellightbox-3\"><img src=\"https:\/\/img.youtube.com\/vi\/BcQ43BxGxvw\/0.jpg\" alt=\"\" data-description=\"\" \/><\/a><\/div>\n<div class=\"amazingcarousel-title\"><\/div><\/div><div class=\"amazingcarousel-item-container\"><div class=\"amazingcarousel-image\"><a href=\"https:\/\/www.youtube.com\/embed\/kCbWaFh0kzg\" data-thumbnail=\"https:\/\/img.youtube.com\/vi\/kCbWaFh0kzg\/1.jpg\" class=\"wondercarousellightbox wondercarousellightbox-3\" data-group=\"wondercarousellightbox-3\"><img src=\"https:\/\/img.youtube.com\/vi\/kCbWaFh0kzg\/0.jpg\" alt=\"\" data-description=\"\" \/><\/a><\/div>\n<div class=\"amazingcarousel-title\"><\/div><\/div><\/li><li class=\"amazingcarousel-item\"><div class=\"amazingcarousel-item-container\"><div class=\"amazingcarousel-image\"><a href=\"https:\/\/www.youtube.com\/embed\/Q1hiAFyEoyc\" data-thumbnail=\"https:\/\/img.youtube.com\/vi\/Q1hiAFyEoyc\/1.jpg\" class=\"wondercarousellightbox wondercarousellightbox-3\" data-group=\"wondercarousellightbox-3\"><img src=\"https:\/\/img.youtube.com\/vi\/Q1hiAFyEoyc\/0.jpg\" alt=\"\" data-description=\"\" \/><\/a><\/div>\n<div class=\"amazingcarousel-title\"><\/div><\/div><div class=\"amazingcarousel-item-container\"><div class=\"amazingcarousel-image\"><a href=\"https:\/\/www.youtube.com\/embed\/mc8OndLIpok\" data-thumbnail=\"https:\/\/img.youtube.com\/vi\/mc8OndLIpok\/1.jpg\" class=\"wondercarousellightbox wondercarousellightbox-3\" data-group=\"wondercarousellightbox-3\"><img src=\"https:\/\/img.youtube.com\/vi\/mc8OndLIpok\/0.jpg\" alt=\"\" data-description=\"\" \/><\/a><\/div>\n<div class=\"amazingcarousel-title\"><\/div><\/div><\/li><li class=\"amazingcarousel-item\"><div class=\"amazingcarousel-item-container\"><div class=\"amazingcarousel-image\"><a href=\"https:\/\/www.youtube.com\/embed\/ghNwnXYfsLI\" data-thumbnail=\"https:\/\/img.youtube.com\/vi\/ghNwnXYfsLI\/1.jpg\" class=\"wondercarousellightbox wondercarousellightbox-3\" data-group=\"wondercarousellightbox-3\"><img src=\"https:\/\/img.youtube.com\/vi\/ghNwnXYfsLI\/0.jpg\" alt=\"\" data-description=\"\" \/><\/a><\/div>\n<div class=\"amazingcarousel-title\"><\/div><\/div><\/li><\/ul><div class=\"amazingcarousel-prev\"><\/div><div class=\"amazingcarousel-next\"><\/div><\/div><div class=\"amazingcarousel-nav\"><\/div><div style=\"width: 100%; text-align: center; font-size: small; font-family: Arial;\"><a href=\"http:\/\/www.freemake.com\/\" title=\"Freemake URL\" target=\"_blank\" style=\"box-shadow: none\" class=\"fm-promo-url\">Made with Freemake<\/a><\/div><\/div><\/div>\n","protected":false},"excerpt":{"rendered":"<p>Video n\u00e1vod\u016f na p\u011bstov\u00e1n\u00ed r\u016fzn\u00fdch hub, hlavn\u011b hl\u00edvy a shiitake, ale i tvorbu v\u00fdluh\u016f z reishi existuje na netu cel\u00e1 \u0159ada. N\u00ed\u017ee v\u00fdb\u011br t\u011bch lep\u0161\u00edch, p\u0159edev\u0161\u00edm prakticky pou\u017eiteln\u00fdch a z\u00e1rove\u0148 i pou\u010dn\u00fdch.<\/p>\n","protected":false},"author":1,"featured_media":0,"parent":520,"menu_order":0,"comment_status":"closed","ping_status":"closed","template":"","meta":[],"_links":{"self":[{"href":"http:\/\/www.microbox.cz\/index.php?rest_route=\/wp\/v2\/pages\/526"}],"collection":[{"href":"http:\/\/www.microbox.cz\/index.php?rest_route=\/wp\/v2\/pages"}],"about":[{"href":"http:\/\/www.microbox.cz\/index.php?rest_route=\/wp\/v2\/types\/page"}],"author":[{"embeddable":true,"href":"http:\/\/www.microbox.cz\/index.php?rest_route=\/wp\/v2\/users\/1"}],"replies":[{"embeddable":true,"href":"http:\/\/www.microbox.cz\/index.php?rest_route=%2Fwp%2Fv2%2Fcomments&post=526"}],"version-history":[{"count":11,"href":"http:\/\/www.microbox.cz\/index.php?rest_route=\/wp\/v2\/pages\/526\/revisions"}],"predecessor-version":[{"id":1038,"href":"http:\/\/www.microbox.cz\/index.php?rest_route=\/wp\/v2\/pages\/526\/revisions\/1038"}],"up":[{"embeddable":true,"href":"http:\/\/www.microbox.cz\/index.php?rest_route=\/wp\/v2\/pages\/520"}],"wp:attachment":[{"href":"http:\/\/www.microbox.cz\/index.php?rest_route=%2Fwp%2Fv2%2Fmedia&parent=526"}],"curies":[{"name":"wp","href":"https:\/\/api.w.org\/{rel}","templated":true}]}}