{"id":1092,"date":"2019-04-12T06:28:16","date_gmt":"2019-04-12T06:28:16","guid":{"rendered":"http:\/\/www.microbox.cz\/?page_id=1092"},"modified":"2024-01-04T15:11:04","modified_gmt":"2024-01-04T15:11:04","slug":"podvody-s-reishi","status":"publish","type":"page","link":"https:\/\/www.microbox.cz\/?page_id=1092","title":{"rendered":"Podvody s reishi ?"},"content":{"rendered":"<p><script src=\"https:\/\/code.responsivevoice.org\/responsivevoice.js?key=zOyPaRpl\"><\/script><\/p>\n<p style=\"text-align: justify;\"><button id=\"listenButton1\" class=\"responsivevoice-button\" type=\"button\" value=\"Play\" title=\"ResponsiveVoice Tap to Start\/Stop Speech\"><span>&#128266; Zvukov\u00fd p\u0159epis str\u00e1nky<\/span><\/button>\n        <script>\n            listenButton1.onclick = function(){\n                if(responsiveVoice.isPlaying()){\n                    responsiveVoice.cancel();\n                }else{\n                    responsiveVoice.speak(\"V listopadu 2017 byla publikov\u00e1na studie spole\u010dnosti Nature Publishing, kter\u00e1 vyd\u00e1v\u00e1 nejpresti\u017en\u011bj\u0161\u00ed v\u011bdeck\u00e9 \u010dasopisy, nazvan\u00e1 \u201e\u00a0Hodnocen\u00ed kvality konzistence dopl\u0148k\u016f stravy Ganoderma lucidum shrom\u00e1\u017ed\u011bn\u00fdch ve Spojen\u00fdch st\u00e1tech\u00a0\u201c.\u00a0Studie byla provedena ve spolupr\u00e1ci s\u00a0US Pharmacopeia\u00a0(USP), kter\u00e1 stanovuje standardy pro l\u00e9\u010diva, slo\u017eky potravin a dopl\u0148ky stravy. Studie prok\u00e1zala, \u017ee a\u017e 74% reishi v\u00fdrobk\u016f na trhu USA nen\u00ed autentick\u00fdch.\u00a0Ve studii testovali 19 r\u016fzn\u00fdch dopl\u0148k\u016f hub reishi a porovn\u00e1vali je se skute\u010dnou houbou.\u00a0Analyzovali polysacharidy a triterpeny a zjistili, \u017ee\u00a0pouze 5 vzork\u016f (26%) pro\u0161lo testem\u00a0.\u00a0USP dosp\u011bla k z\u00e1v\u011bru, \u017ee \u201e\u00a0kvalita konzistence potravinov\u00fdch dopl\u0148k\u016f Ganoderma lucidum na americk\u00e9m trhu byla \u0161patn\u00e1, co\u017e by m\u011blo b\u00fdt pe\u010dliv\u011b prozkoum\u00e1no\u00a0\u201c.\u00a0Nenamlouvejme si, \u017ee situace v Evrop\u011b, v\u010d. \u010cR, bude jin\u00e1. Sp\u00ed\u0161e hor\u0161\u00ed, proto\u017ee spousta v\u00fdrobk\u016f z reshi na trhu EU neproch\u00e1z\u00ed \u017e\u00e1dnou ofici\u00e1ln\u00ed st\u00e1tn\u00ed kontrolou, kter\u00e1 by dokazovala, \u017ee d\u016fle\u017eit\u00e9 deklarovan\u00e9 l\u00e1tky skute\u010dn\u011b poch\u00e1zej\u00ed z reishi. Potisk na obalu prost\u011b snese v\u0161echno a je mnohdy zav\u00e1d\u011bj\u00edc\u00ed. Polysacharidy \u201ePolysacharidy podobn\u00e9 \u0161krobu byly zji\u0161t\u011bny u 13 z 19 (68,4%) testovan\u00fdch produkt\u016f\u201c.\u00a0Studie konstatovala, \u017ee \u201e\u00a0polysacharidy podobn\u00e9 \u0161krobu, kter\u00e9 nejsou nikdy p\u0159\u00edtomny v plodnici Ganoderma lucidum, jsou \u010dasto pou\u017e\u00edv\u00e1ny jako pomocn\u00e9 l\u00e1tky nebo neutr\u00e1ln\u00ed plniva v dopl\u0148c\u00edch stravy\u00a0.\u201c\u00a0Proto je pro hubov\u00e9 dopl\u0148ky tak d\u016fle\u017eit\u00e9 m\u011b\u0159it \u0161krobovou slo\u017eku.\u00a0K \u0159ed\u011bn\u00ed produkt\u016f z reishi se tak pou\u017e\u00edvaj\u00ed plniva, jako jsou \u0161kroby z obilnin, dextr\u00f3za a hlavn\u011b maltodextrin\u00a0(pozn. 1 kg maltodextrinu koup\u00edte v \u010cR u\u017e od 70,- K\u010d (ceny rok 2019) a m\u00e1te \u0161krobov\u00fd polysaharid jako bi\u010d doslova za p\u00e1r korun denn\u011b. Doporu\u010den\u00e1 denn\u00ed d\u00e1vka je 30 gr. denn\u011b).\u00a0\u0160krob z t\u011bchto plniv zv\u00fd\u0161\u00ed po\u010det polysacharid\u016f, kter\u00e9 spole\u010dnosti b\u011b\u017en\u011b pou\u017e\u00edvaj\u00ed, aby se chlubily kvalitou sv\u00fdch v\u00fdrobk\u016f. Server realmushrooms, odkud byl \u010dl\u00e1nek p\u0159evzat, u\u017e p\u0159ed \u010dasem uv\u00e1d\u011bl,\u00a0pro\u010d jsou objemy a \u010d\u00edsla polysacharid\u016f uv\u00e1d\u011bn\u00e1 na obalech diskutabiln\u00ed a \u0161patnou m\u00edrou kvality. Server uv\u00e1d\u00ed jednoduch\u00e9 pravidlo: ignorujte \u010d\u00edsla na obalu, kter\u00e1 uv\u00e1d\u011bj\u00ed obsah polysacharid\u016f ! Jednoduch\u00fd test na obsah \u0161krobu v reishi dopl\u0148ku stravy si m\u016f\u017eeme prov\u00e9st sami doma za pomoci j\u00f3dov\u00e9 tinktury. Pokud vodn\u00fd roztok s reishi ztmavne, obsahuje zaru\u010den\u011b \u0161kroby. Viz\u00a0https:\/\/www.realmushrooms.com\/usp-say-reishi-products-not-authentic\/ Triterpeny Studie d\u00e1le zjistila, \u017ee 58% vzork\u016f nem\u011blo triterpeny.\u00a0Triterpeny jsou jednou z prim\u00e1rn\u00edch prosp\u011b\u0161n\u00fdch slou\u010denin v reishi vedle beta-glukan\u016f.\u00a0Triterpeny jsou p\u0159\u00ed\u010dinou ho\u0159k\u00e9 chuti reishi.\u00a0Produkt reishi, kter\u00fd nen\u00ed ho\u0159k\u00fd ani sladk\u00fd, je dobr\u00fdm indik\u00e1torem toho, \u017ee nejsou p\u0159\u00edtomny \u017e\u00e1dn\u00e9 triterpeny a \u017ee je pravd\u011bpodobn\u011b \u0161patn\u00fd.\u00a0Jednoduch\u00e9 pravidlo: ochutnejte svoje reishi.\u00a0Je v\u00fdrobek opravdu ho\u0159k\u00fd? Beta-glukany \u00dadaje uk\u00e1zaly, \u017ee rozv\u011btven\u00fd 1,3-\u03b2-D-glukan, specifick\u00fd polysacharid s imunostimula\u010dn\u00ed a protin\u00e1dorovou aktivitou u Ganoderma lucidum, byl detekov\u00e1n pouze u 5 z 19 (26,3%) testovan\u00fdch produkt\u016f.\u00a0Bun\u011b\u010dn\u00e9 st\u011bny v\u0161ech l\u00e9\u010div\u00fdch hub jsou prim\u00e1rn\u011b tvo\u0159eny beta-glukany.\u00a0To je d\u016fvod, pro\u010d jsou beta-glukany nejroz\u0161\u00ed\u0159en\u011bj\u0161\u00ed \u00fa\u010dinnou l\u00e1tkou u d\u0159evokazn\u00fdch hub a vyskytuj\u00ed se zde v nejvy\u0161\u0161\u00edm mno\u017estv\u00ed.\u00a0M\u011b\u0159en\u00ed beta-glukan\u016f metodou Megazyme by m\u011blo b\u00fdt vy\u017eadov\u00e1no u v\u0161ech l\u00e9\u010div\u00fdch p\u0159\u00edpravk\u016f.\u00a0To neznamen\u00e1, \u017ee beta-glukany jsou jedinou slou\u010deninou, kter\u00e1 je d\u016fle\u017eit\u00e1, ale pokud jsou p\u0159\u00edtomny v podstatn\u00e9m mno\u017estv\u00ed, v\u0161echny ostatn\u00ed slou\u010deniny by m\u011bly b\u00fdt tak\u00e9 p\u0159\u00edtomny.\u00a0Pokud produkt postr\u00e1d\u00e1 st\u011b\u017eejn\u00ed beta-glukany, pravd\u011bpodobn\u011b chyb\u00ed i ve v\u0161ech men\u0161\u00edch slou\u010denin\u00e1ch, kter\u00e9 nejsou m\u011b\u0159eny. N\u00ed\u017ee jsou n\u011bkter\u00e9 b\u011b\u017en\u00e9 ot\u00e1zky, kter\u00e9 by si m\u011bli u\u017eivatel\u00e9 polo\u017eit p\u0159i v\u00fdb\u011bru produkt\u016f z reishi: Je to opravdu vyrobeno z houby Ganoderma L. (Reishi) ? Je to extrakt? Poch\u00e1z\u00ed z ekologick\u00e9 oblasti ? Obsahuje seznam nam\u011b\u0159en\u00fdch mno\u017estv\u00ed beta-glukan\u016f? Uv\u00e1d\u00ed seznam nam\u011b\u0159en\u00fdch mno\u017estv\u00ed triterpen\u016f? Chutn\u00e1 ho\u0159ce? Uv\u00e1d\u00ed v\u00fdrobce seznam \u0161krob\u016f a specifikuje plniva? M\u00e1 v\u00fdrobek kompletn\u00ed atest renomovan\u00e9 laborato\u0159e? Jednoduch\u00e1 v\u0161eobecn\u00e1 rada pro spot\u0159ebitele (nejen u reishi): D\u016fkaz kvality spo\u010d\u00edv\u00e1 ve faktech (testy,rozbory atp.), a ne v marketingov\u00fdch tvrzen\u00edch, reklam\u011b a popisu na obalu ! Zdroj:\u00a0https:\/\/www.realmushrooms.com\/usp-say-reishi-products-not-authentic\/ Skv\u011bl\u00fd zdroj informac\u00ed o beta-glukanech (jedna ze st\u011b\u017eejn\u00edch slo\u017eek reishi) nab\u00edz\u00ed str\u00e1nky betaglukan.cz\", \"Czech Female\");\n                }\n            };\n        <\/script>\n    <\/p>\n<p style=\"text-align: justify;\">V listopadu 2017 byla publikov\u00e1na studie spole\u010dnosti Nature Publishing, kter\u00e1 vyd\u00e1v\u00e1 nejpresti\u017en\u011bj\u0161\u00ed v\u011bdeck\u00e9 \u010dasopisy, nazvan\u00e1 \u201e\u00a0<strong><span style=\"color: #000080;\"><a style=\"color: #000080;\" href=\"https:\/\/www.nature.com\/articles\/s41598-017-06336-3\" target=\"_blank\" rel=\"noopener\">Hodnocen\u00ed kvality konzistence dopl\u0148k\u016f stravy Ganoderma lucidum shrom\u00e1\u017ed\u011bn\u00fdch ve Spojen\u00fdch st\u00e1tech<\/a><\/span><\/strong>\u00a0\u201c.\u00a0Studie byla provedena ve spolupr\u00e1ci s\u00a0US Pharmacopeia\u00a0(USP), kter\u00e1 stanovuje standardy pro l\u00e9\u010diva, slo\u017eky potravin a dopl\u0148ky stravy. <strong>Studie prok\u00e1zala, \u017ee a\u017e 74% reishi v\u00fdrobk\u016f na trhu USA nen\u00ed autentick\u00fdch<\/strong>.\u00a0Ve studii testovali 19 r\u016fzn\u00fdch dopl\u0148k\u016f hub reishi a porovn\u00e1vali je se skute\u010dnou houbou.\u00a0Analyzovali polysacharidy a triterpeny a zjistili, \u017ee\u00a0<strong>pouze 5 vzork\u016f (26%) pro\u0161lo testem<\/strong>\u00a0.\u00a0USP dosp\u011bla k z\u00e1v\u011bru, \u017ee \u201e\u00a0<strong>kvalita konzistence potravinov\u00fdch dopl\u0148k\u016f Ganoderma lucidum na americk\u00e9m trhu byla \u0161patn\u00e1, co\u017e by m\u011blo b\u00fdt pe\u010dliv\u011b prozkoum\u00e1no<\/strong>\u00a0\u201c.\u00a0<strong>Nenamlouvejme si, \u017ee situace v Evrop\u011b, v\u010d. \u010cR, bude jin\u00e1. Sp\u00ed\u0161e hor\u0161\u00ed, proto\u017ee spousta v\u00fdrobk\u016f z reshi na trhu EU neproch\u00e1z\u00ed \u017e\u00e1dnou ofici\u00e1ln\u00ed st\u00e1tn\u00ed kontrolou, kter\u00e1 by dokazovala, \u017ee d\u016fle\u017eit\u00e9 deklarovan\u00e9 l\u00e1tky skute\u010dn\u011b poch\u00e1zej\u00ed z reishi. Potisk na obalu prost\u011b snese v\u0161echno a je mnohdy zav\u00e1d\u011bj\u00edc\u00ed.<\/strong><\/p>\n<h4><strong>Polysacharidy<\/strong><\/h4>\n<p style=\"text-align: justify;\"><em>\u201ePolysacharidy podobn\u00e9 \u0161krobu byly zji\u0161t\u011bny u 13 z 19 (68,4%) testovan\u00fdch produkt\u016f\u201c.\u00a0<\/em>Studie konstatovala, \u017ee \u201e\u00a0<strong>polysacharidy podobn\u00e9 \u0161krobu, kter\u00e9 nejsou nikdy p\u0159\u00edtomny v plodnici Ganoderma lucidum, jsou \u010dasto pou\u017e\u00edv\u00e1ny jako pomocn\u00e9 l\u00e1tky nebo neutr\u00e1ln\u00ed plniva v dopl\u0148c\u00edch stravy<\/strong>\u00a0<strong>.\u201c\u00a0Proto je pro hubov\u00e9 dopl\u0148ky tak d\u016fle\u017eit\u00e9 m\u011b\u0159it \u0161krobovou slo\u017eku.<\/strong>\u00a0<strong>K \u0159ed\u011bn\u00ed produkt\u016f z reishi se tak pou\u017e\u00edvaj\u00ed plniva, jako jsou \u0161kroby z obilnin, dextr\u00f3za a hlavn\u011b maltodextrin\u00a0<\/strong>(pozn. 1 kg maltodextrinu koup\u00edte v \u010cR u\u017e od 70,- K\u010d (ceny rok 2019) a m\u00e1te \u0161krobov\u00fd polysaharid jako bi\u010d doslova za p\u00e1r korun denn\u011b. Doporu\u010den\u00e1 denn\u00ed d\u00e1vka je 30 gr. denn\u011b)<strong>.\u00a0<\/strong>\u0160krob z t\u011bchto plniv zv\u00fd\u0161\u00ed po\u010det polysacharid\u016f, kter\u00e9 spole\u010dnosti b\u011b\u017en\u011b pou\u017e\u00edvaj\u00ed, aby se chlubily kvalitou sv\u00fdch v\u00fdrobk\u016f. Server realmushrooms, odkud byl \u010dl\u00e1nek p\u0159evzat, u\u017e p\u0159ed \u010dasem uv\u00e1d\u011bl,\u00a0<span style=\"color: #000080;\">pro\u010d jsou objemy a \u010d\u00edsla polysacharid\u016f uv\u00e1d\u011bn\u00e1 na obalech diskutabiln\u00ed a \u0161patnou m\u00edrou kvality<\/span>. <strong>Server uv\u00e1d\u00ed jednoduch\u00e9 pravidlo: ignorujte \u010d\u00edsla na obalu, kter\u00e1 uv\u00e1d\u011bj\u00ed obsah polysacharid\u016f !<\/strong> Jednoduch\u00fd test na obsah \u0161krobu v reishi dopl\u0148ku stravy si m\u016f\u017eeme prov\u00e9st sami doma za pomoci j\u00f3dov\u00e9 tinktury. Pokud vodn\u00fd roztok s reishi ztmavne, obsahuje zaru\u010den\u011b \u0161kroby. Viz\u00a0<a href=\"https:\/\/www.realmushrooms.com\/usp-say-reishi-products-not-authentic\/\" target=\"_blank\" rel=\"noopener\">https:\/\/www.realmushrooms.com\/usp-say-reishi-products-not-authentic\/<\/a><\/p>\n<h4><strong>Triterpeny<\/strong><\/h4>\n<p style=\"text-align: justify;\"><strong>Studie d\u00e1le zjistila, \u017ee 58% vzork\u016f nem\u011blo triterpeny.<\/strong>\u00a0Triterpeny jsou jednou z prim\u00e1rn\u00edch prosp\u011b\u0161n\u00fdch slou\u010denin v reishi vedle beta-glukan\u016f.\u00a0Triterpeny jsou p\u0159\u00ed\u010dinou ho\u0159k\u00e9 chuti reishi.\u00a0Produkt reishi, kter\u00fd nen\u00ed ho\u0159k\u00fd ani sladk\u00fd, je dobr\u00fdm indik\u00e1torem toho, \u017ee nejsou p\u0159\u00edtomny \u017e\u00e1dn\u00e9 triterpeny a \u017ee je pravd\u011bpodobn\u011b \u0161patn\u00fd.\u00a0Jednoduch\u00e9 pravidlo: ochutnejte svoje reishi.\u00a0Je v\u00fdrobek opravdu ho\u0159k\u00fd?<\/p>\n<h4><strong>Beta-glukany<\/strong><\/h4>\n<p><img loading=\"lazy\" class=\"alignleft size-full wp-image-1093\" src=\"http:\/\/www.microbox.cz\/wp-content\/uploads\/2019\/04\/betaglukany.png\" alt=\"\" width=\"300\" height=\"199\" \/><\/p>\n<p style=\"text-align: justify;\">\u00dadaje uk\u00e1zaly, \u017ee rozv\u011btven\u00fd 1,3-\u03b2-D-glukan, specifick\u00fd polysacharid s imunostimula\u010dn\u00ed a protin\u00e1dorovou aktivitou u Ganoderma lucidum, <strong>byl detekov\u00e1n pouze u 5 z 19 (26,3%) testovan\u00fdch produkt\u016f.<\/strong>\u00a0Bun\u011b\u010dn\u00e9 st\u011bny v\u0161ech l\u00e9\u010div\u00fdch hub jsou prim\u00e1rn\u011b tvo\u0159eny beta-glukany.\u00a0To je d\u016fvod, pro\u010d jsou beta-glukany nejroz\u0161\u00ed\u0159en\u011bj\u0161\u00ed \u00fa\u010dinnou l\u00e1tkou u d\u0159evokazn\u00fdch hub a vyskytuj\u00ed se zde v nejvy\u0161\u0161\u00edm mno\u017estv\u00ed.\u00a0M\u011b\u0159en\u00ed beta-glukan\u016f metodou Megazyme by m\u011blo b\u00fdt vy\u017eadov\u00e1no u v\u0161ech l\u00e9\u010div\u00fdch p\u0159\u00edpravk\u016f.\u00a0To neznamen\u00e1, \u017ee beta-glukany jsou jedinou slou\u010deninou, kter\u00e1 je d\u016fle\u017eit\u00e1, ale pokud jsou p\u0159\u00edtomny v podstatn\u00e9m mno\u017estv\u00ed, v\u0161echny ostatn\u00ed slou\u010deniny by m\u011bly b\u00fdt tak\u00e9 p\u0159\u00edtomny.\u00a0Pokud produkt postr\u00e1d\u00e1 st\u011b\u017eejn\u00ed beta-glukany, pravd\u011bpodobn\u011b chyb\u00ed i ve v\u0161ech men\u0161\u00edch slou\u010denin\u00e1ch, kter\u00e9 nejsou m\u011b\u0159eny.<\/p>\n<p style=\"text-align: justify;\">N\u00ed\u017ee jsou n\u011bkter\u00e9 b\u011b\u017en\u00e9 ot\u00e1zky, kter\u00e9 by si m\u011bli u\u017eivatel\u00e9 polo\u017eit p\u0159i v\u00fdb\u011bru produkt\u016f z reishi:<\/p>\n<ul>\n<li>Je to opravdu vyrobeno z houby Ganoderma L. (Reishi) ?<\/li>\n<li>Je to extrakt?<\/li>\n<li>Poch\u00e1z\u00ed z ekologick\u00e9 oblasti ?<\/li>\n<li>Obsahuje seznam nam\u011b\u0159en\u00fdch mno\u017estv\u00ed beta-glukan\u016f?<\/li>\n<li>Uv\u00e1d\u00ed seznam nam\u011b\u0159en\u00fdch mno\u017estv\u00ed triterpen\u016f?<\/li>\n<li>Chutn\u00e1 ho\u0159ce?<\/li>\n<li>Uv\u00e1d\u00ed v\u00fdrobce seznam \u0161krob\u016f a specifikuje plniva?<\/li>\n<li>M\u00e1 v\u00fdrobek kompletn\u00ed atest renomovan\u00e9 laborato\u0159e?<\/li>\n<\/ul>\n<p style=\"text-align: justify;\"><strong>Jednoduch\u00e1 v\u0161eobecn\u00e1 rada pro spot\u0159ebitele (nejen u reishi): D\u016fkaz kvality spo\u010d\u00edv\u00e1 ve faktech (testy,rozbory atp.), a ne v marketingov\u00fdch tvrzen\u00edch, reklam\u011b a popisu na obalu !<\/strong><\/p>\n<p>Zdroj:<strong><span style=\"color: #000080;\">\u00a0<a style=\"color: #000080;\" href=\"https:\/\/www.realmushrooms.com\/usp-say-reishi-products-not-authentic\/\" target=\"_blank\" rel=\"noopener\">https:\/\/www.realmushrooms.com\/usp-say-reishi-products-not-authentic\/<\/a><\/span><\/strong><\/p>\n<p style=\"text-align: justify;\">Skv\u011bl\u00fd zdroj informac\u00ed o beta-glukanech (jedna ze st\u011b\u017eejn\u00edch slo\u017eek reishi) nab\u00edz\u00ed str\u00e1nky <strong><span style=\"color: #000080;\"><a style=\"color: #000080;\" href=\"https:\/\/www.betaglukan.cz\/\" target=\"_blank\" rel=\"noopener\">betaglukan.cz<\/a><\/span><\/strong><\/p>\n<p style=\"text-align: justify;\">\n","protected":false},"excerpt":{"rendered":"<p>V listopadu 2017 byla publikov\u00e1na studie spole\u010dnosti Nature Publishing, kter\u00e1 vyd\u00e1v\u00e1 nejpresti\u017en\u011bj\u0161\u00ed v\u011bdeck\u00e9 \u010dasopisy, nazvan\u00e1 \u201e\u00a0Hodnocen\u00ed kvality konzistence dopl\u0148k\u016f stravy Ganoderma lucidum shrom\u00e1\u017ed\u011bn\u00fdch ve Spojen\u00fdch st\u00e1tech\u00a0\u201c.\u00a0Studie byla provedena ve spolupr\u00e1ci s\u00a0US Pharmacopeia\u00a0(USP), kter\u00e1 stanovuje standardy pro l\u00e9\u010diva, slo\u017eky potravin a dopl\u0148ky stravy. Studie prok\u00e1zala, \u017ee a\u017e 74% reishi v\u00fdrobk\u016f na trhu USA nen\u00ed autentick\u00fdch.\u00a0Ve studii <a class=\"read-more\" href=\"https:\/\/www.microbox.cz\/?page_id=1092\">...continue reading <span class=\"meta-nav\">&rarr;<\/span><\/a><\/p>\n","protected":false},"author":1,"featured_media":0,"parent":0,"menu_order":0,"comment_status":"closed","ping_status":"closed","template":"","meta":[],"_links":{"self":[{"href":"https:\/\/www.microbox.cz\/index.php?rest_route=\/wp\/v2\/pages\/1092"}],"collection":[{"href":"https:\/\/www.microbox.cz\/index.php?rest_route=\/wp\/v2\/pages"}],"about":[{"href":"https:\/\/www.microbox.cz\/index.php?rest_route=\/wp\/v2\/types\/page"}],"author":[{"embeddable":true,"href":"https:\/\/www.microbox.cz\/index.php?rest_route=\/wp\/v2\/users\/1"}],"replies":[{"embeddable":true,"href":"https:\/\/www.microbox.cz\/index.php?rest_route=%2Fwp%2Fv2%2Fcomments&post=1092"}],"version-history":[{"count":33,"href":"https:\/\/www.microbox.cz\/index.php?rest_route=\/wp\/v2\/pages\/1092\/revisions"}],"predecessor-version":[{"id":1780,"href":"https:\/\/www.microbox.cz\/index.php?rest_route=\/wp\/v2\/pages\/1092\/revisions\/1780"}],"wp:attachment":[{"href":"https:\/\/www.microbox.cz\/index.php?rest_route=%2Fwp%2Fv2%2Fmedia&parent=1092"}],"curies":[{"name":"wp","href":"https:\/\/api.w.org\/{rel}","templated":true}]}}