{"id":121,"date":"2014-10-16T00:44:29","date_gmt":"2014-10-16T00:44:29","guid":{"rendered":"http:\/\/www.microbox.cz\/?page_id=121"},"modified":"2016-10-27T07:35:09","modified_gmt":"2016-10-27T07:35:09","slug":"microbox-a-rostliny","status":"publish","type":"page","link":"https:\/\/www.microbox.cz\/?page_id=121","title":{"rendered":"MICROBOX A ROSTLINY"},"content":{"rendered":"<p><img loading=\"lazy\" class=\"alignnone wp-image-410 size-full\" src=\"http:\/\/www.microbox.cz\/wp-content\/uploads\/2014\/10\/microbox-photo5.png\" alt=\"\" width=\"600\" height=\"331\" srcset=\"https:\/\/www.microbox.cz\/wp-content\/uploads\/2014\/10\/microbox-photo5.png 600w, https:\/\/www.microbox.cz\/wp-content\/uploads\/2014\/10\/microbox-photo5-300x165.png 300w\" sizes=\"(max-width: 600px) 100vw, 600px\" \/><\/p>\n<h3><strong>Jednodu\u0161e \u0159e\u010deno - v Microboxech se d\u00e1 p\u011bstovat jak\u00e1koliv rostlina<\/strong><\/h3>\n","protected":false},"excerpt":{"rendered":"<p>Jednodu\u0161e \u0159e\u010deno - v Microboxech se d\u00e1 p\u011bstovat jak\u00e1koliv rostlina<\/p>\n","protected":false},"author":1,"featured_media":0,"parent":71,"menu_order":3,"comment_status":"closed","ping_status":"closed","template":"","meta":[],"_links":{"self":[{"href":"https:\/\/www.microbox.cz\/index.php?rest_route=\/wp\/v2\/pages\/121"}],"collection":[{"href":"https:\/\/www.microbox.cz\/index.php?rest_route=\/wp\/v2\/pages"}],"about":[{"href":"https:\/\/www.microbox.cz\/index.php?rest_route=\/wp\/v2\/types\/page"}],"author":[{"embeddable":true,"href":"https:\/\/www.microbox.cz\/index.php?rest_route=\/wp\/v2\/users\/1"}],"replies":[{"embeddable":true,"href":"https:\/\/www.microbox.cz\/index.php?rest_route=%2Fwp%2Fv2%2Fcomments&post=121"}],"version-history":[{"count":8,"href":"https:\/\/www.microbox.cz\/index.php?rest_route=\/wp\/v2\/pages\/121\/revisions"}],"predecessor-version":[{"id":763,"href":"https:\/\/www.microbox.cz\/index.php?rest_route=\/wp\/v2\/pages\/121\/revisions\/763"}],"up":[{"embeddable":true,"href":"https:\/\/www.microbox.cz\/index.php?rest_route=\/wp\/v2\/pages\/71"}],"wp:attachment":[{"href":"https:\/\/www.microbox.cz\/index.php?rest_route=%2Fwp%2Fv2%2Fmedia&parent=121"}],"curies":[{"name":"wp","href":"https:\/\/api.w.org\/{rel}","templated":true}]}}