{"id":1271,"date":"2021-11-03T20:44:08","date_gmt":"2021-11-03T20:44:08","guid":{"rendered":"http:\/\/www.microbox.cz\/?page_id=1271"},"modified":"2021-11-28T18:22:48","modified_gmt":"2021-11-28T18:22:48","slug":"pestovani-houb-nove","status":"publish","type":"page","link":"https:\/\/www.microbox.cz\/?page_id=1271","title":{"rendered":"P\u011bstov\u00e1n\u00ed hub z YT"},"content":{"rendered":"<div id=\"wondercarousellightbox_options\" data-skinsfoldername=\"\"  data-jsfolder=\"https:\/\/www.microbox.cz\/wp-content\/plugins\/FreemakeSliderPlugin\/engine\/\" style=\"display:none;\"><\/div>\r\n<style type=\"text\/css\">@import url(https:\/\/fonts.googleapis.com\/css?family=Open+Sans);   #fmcarousel-13 .amazingcarousel-image {\t \tposition: relative; \tpadding: 4px; }  #fmcarousel-13 .amazingcarousel-image img { \tdisplay: block; \twidth: 100%; \tmax-width: 100%; \tborder: 0; \tmargin: 0; \tpadding: 0; \t-moz-border-radius: 0px; \t-webkit-border-radius: 0px; \tborder-radius: 0px; \t-moz-box-shadow:  0 1px 4px rgba(0, 0, 0, 0.2); \t-webkit-box-shadow: 0 1px 4px rgba(0, 0, 0, 0.2); \tbox-shadow: 0 1px 4px rgba(0, 0, 0, 0.2); }  #fmcarousel-13 .amazingcarousel-title { \tposition:relative; \tfont:14px \"Open Sans\", sans-serif; \tcolor:#333333; \tmargin:6px; \ttext-align:center; \ttext-shadow:0px 1px 1px #fff; }  #fmcarousel-13 .amazingcarousel-list-container {  \tpadding: 16px 0; }  #fmcarousel-13 .amazingcarousel-item-container { \ttext-align: center; \tpadding: 4px; \tbackground-color: #fff; \tborder: 1px solid #ddd; \t-moz-box-shadow: 0px 0px 5px 1px rgba(96, 96, 96, 0.1); \t-webkit-box-shadow: 0px 0px 5px 1px rgba(96, 96, 96, 0.1); \tbox-shadow: 0px 0px 5px 1px rgba(96, 96, 96, 0.1); }  #fmcarousel-13 .amazingcarousel-prev { \tleft: 0%; \ttop: 50%; \tmargin-left: -48px; \tmargin-top: -16px; }  #fmcarousel-13 .amazingcarousel-next { \tright: 0%; \ttop: 50%; \tmargin-right: -48px; \tmargin-top: -16px; }  #fmcarousel-13 .amazingcarousel-nav { \tposition: absolute; \twidth: 100%; \ttop: 100%; }  #fmcarousel-13 .amazingcarousel-bullet-wrapper { \tmargin: 4px auto; }<\/style><div class=\"fmcarousel-container\" id=\"fmcarousel-container-13\"><div class=\"fmcarousel\" id=\"fmcarousel-13\" data-carouselid=\"13\" data-width=\"240\" data-height=\"180\" data-skin=\"classic\" data-sameheight=\"false\" data-sameheightresponsive=\"false\" data-fullwidth=\"false\" data-centerimage=\"true\" data-fitimage=\"false\" data-fitcenterimage=\"false\" data-fixaspectratio=\"true\" data-autoplay=\"true\" data-random=\"false\" data-circular=\"true\" data-pauseonmouseover=\"true\" data-continuous=\"false\" data-responsive=\"true\" data-showhoveroverlay=\"true\" data-showhoveroverlayalways=\"false\" data-hidehoveroverlayontouch=\"false\" data-lightboxresponsive=\"true\" data-lightboxshownavigation=\"false\" data-lightboxnogroup=\"false\" data-lightboxshowtitle=\"true\" data-lightboxshowdescription=\"false\" data-usescreenquery=\"false\" data-donotinit=\"false\" data-addinitscript=\"false\" data-doshortcodeontext=\"false\" data-lightboxshowsocial=\"false\" data-lightboxshowfacebook=\"true\" data-lightboxshowtwitter=\"true\" data-lightboxshowpinterest=\"true\" data-lightboxsocialrotateeffect=\"true\" data-hidecontainerbeforeloaded=\"false\" data-hidecontaineroninit=\"false\" data-lightboximagekeepratio=\"true\" data-showplayvideo=\"true\" data-triggerresize=\"false\" data-lightboxfullscreenmode=\"false\" data-lightboxcloseonoverlay=\"true\" data-lightboxvideohidecontrols=\"false\" data-lightboxautoslide=\"false\" data-lightboxshowtimer=\"true\" data-lightboxshowplaybutton=\"true\" data-lightboxalwaysshownavarrows=\"false\" data-lightboxshowtitleprefix=\"true\" data-spacing=\"18\" data-rownumber=\"1\" data-visibleitems=\"3\" data-arrowstyle=\"always\" data-arrowimage=\"arrows-32-32-2.png\" data-arrowwidth=\"32\" data-arrowheight=\"32\" data-navstyle=\"bullets\" data-navimage=\"bullet-16-16-0.png\" data-navwidth=\"16\" data-navheight=\"16\" data-navspacing=\"8\" data-hoveroverlayimage=\"hoveroverlay-64-64-3.png\" data-lightboxthumbwidth=\"90\" data-lightboxthumbheight=\"60\" data-lightboxthumbtopmargin=\"12\" data-lightboxthumbbottommargin=\"4\" data-lightboxbarheight=\"64\" data-lightboxtitlebottomcss=\"{color:#333; font-size:14px; font-family:Armata,sans-serif,Arial; overflow:hidden; text-align:left;}\" data-lightboxdescriptionbottomcss=\"{color:#333; font-size:12px; font-family:Arial,Helvetica,sans-serif; overflow:hidden; text-align:left; margin:4px 0px 0px; padding: 0px;}\" data-continuousduration=\"2500\" data-scrollmode=\"page\" data-interval=\"3000\" data-transitionduration=\"1000\" data-lightboxtitlestyle=\"bottom\" data-lightboximagepercentage=\"75\" data-lightboxdefaultvideovolume=\"1\" data-lightboxoverlaybgcolor=\"#000\" data-lightboxoverlayopacity=\"0.9\" data-lightboxbgcolor=\"#fff\" data-lightboxtitleprefix=\"%NUM \/ %TOTAL\" data-lightboxtitleinsidecss=\"color:#fff; font-size:16px; font-family:Arial,Helvetica,sans-serif; overflow:hidden; text-align:left;\" data-lightboxdescriptioninsidecss=\"color:#fff; font-size:12px; font-family:Arial,Helvetica,sans-serif; overflow:hidden; text-align:left; margin:4px 0px 0px; padding: 0px;\" data-playvideoimage=\"playvideo-64-64-0.png\" data-playvideoimagepos=\"center\" data-lightboxsocialposition=\"position:absolute;top:100%;right:0;\" data-lightboxsocialpositionsmallscreen=\"position:absolute;top:100%;right:0;left:0;\" data-lightboxsocialdirection=\"horizontal\" data-lightboxsocialbuttonsize=\"32\" data-lightboxsocialbuttonfontsize=\"18\" data-sameheightmediumscreen=\"769\" data-sameheightmediumheight=\"200\" data-sameheightsmallscreen=\"415\" data-sameheightsmallheight=\"150\" data-triggerresizedelay=\"100\" data-lightboxslideinterval=\"5000\" data-lightboxtimerposition=\"bottom\" data-lightboxtimercolor=\"#dc572e\" data-lightboxtimeropacity=\"1\" data-lightboxbordersize=\"8\" data-lightboxborderradius=\"0\" data-screenquery='{ \"tablet\": { \"screenwidth\": 800, \"visibleitems\": 2 }, \"mobile\": { \"screenwidth\": 480, \"visibleitems\": 1 } }' data-jsfolder=\"https:\/\/www.microbox.cz\/wp-content\/plugins\/FreemakeSliderPlugin\/engine\/\" style=\"display:none;position:relative;margin:0 auto;width:100%;max-width:720px;\" ><div class=\"amazingcarousel-list-container\" style=\"overflow:hidden;\"><ul class=\"amazingcarousel-list\"><li class=\"amazingcarousel-item\"><div class=\"amazingcarousel-item-container\"><div class=\"amazingcarousel-image\"><a href=\"https:\/\/www.youtube.com\/embed\/GuUWaqV8-zA?t=552s&amp;ab_channel=L%27Arcadelleidee-StefanoGullotta\" data-thumbnail=\"https:\/\/img.youtube.com\/vi\/GuUWaqV8-zA\/1.jpg\" class=\"wondercarousellightbox wondercarousellightbox-13\" data-group=\"wondercarousellightbox-13\"><img src=\"https:\/\/img.youtube.com\/vi\/GuUWaqV8-zA\/0.jpg\" alt=\"\" data-description=\"\" \/><\/a><\/div>\n<div class=\"amazingcarousel-title\"><\/div><\/div><\/li><li class=\"amazingcarousel-item\"><div class=\"amazingcarousel-item-container\"><div class=\"amazingcarousel-image\"><a href=\"https:\/\/www.youtube.com\/embed\/_kPLXib4ksE?ab_channel=OakandSporeMushroomFarm\" data-thumbnail=\"https:\/\/img.youtube.com\/vi\/_kPLXib4ksE\/1.jpg\" class=\"wondercarousellightbox wondercarousellightbox-13\" data-group=\"wondercarousellightbox-13\"><img src=\"https:\/\/img.youtube.com\/vi\/_kPLXib4ksE\/0.jpg\" alt=\"\" data-description=\"\" \/><\/a><\/div>\n<div class=\"amazingcarousel-title\"><\/div><\/div><\/li><li class=\"amazingcarousel-item\"><div class=\"amazingcarousel-item-container\"><div class=\"amazingcarousel-image\"><a href=\"https:\/\/www.youtube.com\/embed\/il9Ij5Y4TSc?ab_channel=FreshCapMushrooms\" data-thumbnail=\"https:\/\/img.youtube.com\/vi\/il9Ij5Y4TSc\/1.jpg\" class=\"wondercarousellightbox wondercarousellightbox-13\" data-group=\"wondercarousellightbox-13\"><img src=\"https:\/\/img.youtube.com\/vi\/il9Ij5Y4TSc\/0.jpg\" alt=\"\" data-description=\"\" \/><\/a><\/div>\n<div class=\"amazingcarousel-title\"><\/div><\/div><\/li><li class=\"amazingcarousel-item\"><div class=\"amazingcarousel-item-container\"><div class=\"amazingcarousel-image\"><a href=\"https:\/\/www.youtube.com\/embed\/LF0eaQve1Zg?ab_channel=SouthwestMushrooms\" data-thumbnail=\"https:\/\/img.youtube.com\/vi\/LF0eaQve1Zg\/1.jpg\" class=\"wondercarousellightbox wondercarousellightbox-13\" data-group=\"wondercarousellightbox-13\"><img src=\"https:\/\/img.youtube.com\/vi\/LF0eaQve1Zg\/0.jpg\" alt=\"\" data-description=\"\" \/><\/a><\/div>\n<div class=\"amazingcarousel-title\"><\/div><\/div><\/li><li class=\"amazingcarousel-item\"><div class=\"amazingcarousel-item-container\"><div class=\"amazingcarousel-image\"><a href=\"https:\/\/www.youtube.com\/embed\/Faq0w-ArCnU?ab_channel=GroCycle\" data-thumbnail=\"https:\/\/img.youtube.com\/vi\/Faq0w-ArCnU\/1.jpg\" class=\"wondercarousellightbox wondercarousellightbox-13\" data-group=\"wondercarousellightbox-13\"><img src=\"https:\/\/img.youtube.com\/vi\/Faq0w-ArCnU\/0.jpg\" alt=\"\" data-description=\"\" \/><\/a><\/div>\n<div class=\"amazingcarousel-title\"><\/div><\/div><\/li><li class=\"amazingcarousel-item\"><div class=\"amazingcarousel-item-container\"><div class=\"amazingcarousel-image\"><a href=\"https:\/\/www.youtube.com\/embed\/mk9GNEEkQTc?ab_channel=FreshCultivators\" data-thumbnail=\"https:\/\/img.youtube.com\/vi\/mk9GNEEkQTc\/1.jpg\" class=\"wondercarousellightbox wondercarousellightbox-13\" data-group=\"wondercarousellightbox-13\"><img src=\"https:\/\/img.youtube.com\/vi\/mk9GNEEkQTc\/0.jpg\" alt=\"\" data-description=\"\" \/><\/a><\/div>\n<div class=\"amazingcarousel-title\"><\/div><\/div><\/li><li class=\"amazingcarousel-item\"><div class=\"amazingcarousel-item-container\"><div class=\"amazingcarousel-image\"><a href=\"https:\/\/www.youtube.com\/embed\/CDjuk07E6rI?ab_channel=FreshCapMushrooms\" data-thumbnail=\"https:\/\/img.youtube.com\/vi\/CDjuk07E6rI\/1.jpg\" class=\"wondercarousellightbox wondercarousellightbox-13\" data-group=\"wondercarousellightbox-13\"><img src=\"https:\/\/img.youtube.com\/vi\/CDjuk07E6rI\/0.jpg\" alt=\"\" data-description=\"\" \/><\/a><\/div>\n<div class=\"amazingcarousel-title\"><\/div><\/div><\/li><li class=\"amazingcarousel-item\"><div class=\"amazingcarousel-item-container\"><div class=\"amazingcarousel-image\"><a href=\"https:\/\/www.youtube.com\/embed\/EZAjz6bZjpg?ab_channel=FreshCapMushrooms\" data-thumbnail=\"https:\/\/img.youtube.com\/vi\/EZAjz6bZjpg\/1.jpg\" class=\"wondercarousellightbox wondercarousellightbox-13\" data-group=\"wondercarousellightbox-13\"><img src=\"https:\/\/img.youtube.com\/vi\/EZAjz6bZjpg\/0.jpg\" alt=\"\" data-description=\"\" \/><\/a><\/div>\n<div class=\"amazingcarousel-title\"><\/div><\/div><\/li><\/ul><div class=\"amazingcarousel-prev\"><\/div><div class=\"amazingcarousel-next\"><\/div><\/div><div class=\"amazingcarousel-nav\"><\/div><div style=\"width: 100%; text-align: center; font-size: small; font-family: Arial;\"><a href=\"http:\/\/www.freemake.com\/free_wordpress_slider_plugin\" title=\"Freemake URL\" target=\"_blank\" style=\"box-shadow: none\" class=\"fm-promo-url\">Credit: Freemake slider plugin for Wordpress<\/a><\/div><\/div><\/div>\n<p>&nbsp;<\/p>\n","protected":false},"excerpt":{"rendered":"<p>&nbsp;<\/p>\n","protected":false},"author":1,"featured_media":0,"parent":0,"menu_order":0,"comment_status":"closed","ping_status":"closed","template":"","meta":[],"_links":{"self":[{"href":"https:\/\/www.microbox.cz\/index.php?rest_route=\/wp\/v2\/pages\/1271"}],"collection":[{"href":"https:\/\/www.microbox.cz\/index.php?rest_route=\/wp\/v2\/pages"}],"about":[{"href":"https:\/\/www.microbox.cz\/index.php?rest_route=\/wp\/v2\/types\/page"}],"author":[{"embeddable":true,"href":"https:\/\/www.microbox.cz\/index.php?rest_route=\/wp\/v2\/users\/1"}],"replies":[{"embeddable":true,"href":"https:\/\/www.microbox.cz\/index.php?rest_route=%2Fwp%2Fv2%2Fcomments&post=1271"}],"version-history":[{"count":5,"href":"https:\/\/www.microbox.cz\/index.php?rest_route=\/wp\/v2\/pages\/1271\/revisions"}],"predecessor-version":[{"id":1303,"href":"https:\/\/www.microbox.cz\/index.php?rest_route=\/wp\/v2\/pages\/1271\/revisions\/1303"}],"wp:attachment":[{"href":"https:\/\/www.microbox.cz\/index.php?rest_route=%2Fwp%2Fv2%2Fmedia&parent=1271"}],"curies":[{"name":"wp","href":"https:\/\/api.w.org\/{rel}","templated":true}]}}