{"id":1418,"date":"2022-01-06T09:07:23","date_gmt":"2022-01-06T09:07:23","guid":{"rendered":"http:\/\/www.microbox.cz\/?page_id=1418"},"modified":"2022-01-06T09:07:23","modified_gmt":"2022-01-06T09:07:23","slug":"yt-sumavska-houbicka","status":"publish","type":"page","link":"https:\/\/www.microbox.cz\/?page_id=1418","title":{"rendered":"YT \u0160umavsk\u00e1 Houbi\u010dka"},"content":{"rendered":"<iframe  id=\"_ytid_11047\"  width=\"750\" height=\"450\"  data-origwidth=\"750\" data-origheight=\"450\" src=\"https:\/\/www.youtube.com\/embed\/?enablejsapi=1&listType=playlist&list=UUyhkgGnGi-hTzZTo--ZJ9IQ&autoplay=0&cc_load_policy=0&iv_load_policy=1&loop=0&modestbranding=0&fs=1&playsinline=0&controls=1&color=red&cc_lang_pref=&rel=1&autohide=2&theme=dark&\" class=\"__youtube_prefs__  no-lazyload\" title=\"YouTube player\"  allow=\"accelerometer; autoplay; clipboard-write; encrypted-media; gyroscope; picture-in-picture\" allowfullscreen data-no-lazy=\"1\" data-skipgform_ajax_framebjll=\"\"><\/iframe>\n<p>&nbsp;<\/p>\n","protected":false},"excerpt":{"rendered":"<p>&nbsp;<\/p>\n","protected":false},"author":1,"featured_media":0,"parent":0,"menu_order":0,"comment_status":"closed","ping_status":"closed","template":"","meta":[],"_links":{"self":[{"href":"https:\/\/www.microbox.cz\/index.php?rest_route=\/wp\/v2\/pages\/1418"}],"collection":[{"href":"https:\/\/www.microbox.cz\/index.php?rest_route=\/wp\/v2\/pages"}],"about":[{"href":"https:\/\/www.microbox.cz\/index.php?rest_route=\/wp\/v2\/types\/page"}],"author":[{"embeddable":true,"href":"https:\/\/www.microbox.cz\/index.php?rest_route=\/wp\/v2\/users\/1"}],"replies":[{"embeddable":true,"href":"https:\/\/www.microbox.cz\/index.php?rest_route=%2Fwp%2Fv2%2Fcomments&post=1418"}],"version-history":[{"count":1,"href":"https:\/\/www.microbox.cz\/index.php?rest_route=\/wp\/v2\/pages\/1418\/revisions"}],"predecessor-version":[{"id":1419,"href":"https:\/\/www.microbox.cz\/index.php?rest_route=\/wp\/v2\/pages\/1418\/revisions\/1419"}],"wp:attachment":[{"href":"https:\/\/www.microbox.cz\/index.php?rest_route=%2Fwp%2Fv2%2Fmedia&parent=1418"}],"curies":[{"name":"wp","href":"https:\/\/api.w.org\/{rel}","templated":true}]}}