{"id":161,"date":"2014-10-16T19:38:23","date_gmt":"2014-10-16T19:38:23","guid":{"rendered":"http:\/\/www.microbox.cz\/?page_id=161"},"modified":"2021-12-09T23:53:46","modified_gmt":"2021-12-09T23:53:46","slug":"o-microboxu","status":"publish","type":"page","link":"https:\/\/www.microbox.cz\/?page_id=161","title":{"rendered":"O MICROBOX"},"content":{"rendered":"<p><script src=\"https:\/\/code.responsivevoice.org\/responsivevoice.js?key=zOyPaRpl\"><\/script><\/p>\n<p style=\"text-align: justify;\"><button id=\"listenButton1\" class=\"responsivevoice-button\" type=\"button\" value=\"Play\" title=\"ResponsiveVoice Tap to Start\/Stop Speech\"><span>&#128266; Zvukov\u00fd p\u0159epis str\u00e1nky<\/span><\/button>\n        <script>\n            listenButton1.onclick = function(){\n                if(responsiveVoice.isPlaying()){\n                    responsiveVoice.cancel();\n                }else{\n                    responsiveVoice.speak(\"Microbox je \u010dir\u00e1 \u200b\u200bpolypropylenov\u00e1 n\u00e1doba s hermeticky uzav\u00edrac\u00edm v\u00ed\u010dkem a filtrem. Filtr je v\u00fdsledkem v\u011bdeck\u00e9ho v\u00fdzkumu a je nejv\u00edce efektivn\u00edm hloubkov\u00fdm filtra\u010dn\u00edm syst\u00e9mem na trhu. Celosv\u011btov\u00fd \u00fasp\u011bch Microbox\u016f byl dosa\u017een d\u00edky unik\u00e1tn\u00ed kombinaci vlastnost\u00ed, kter\u00e9 nejsou dosa\u017eeny jak\u00fdmkoliv jin\u00fdm typem filtra\u010dn\u00edho syst\u00e9mu. Syst\u00e9m je velmi obl\u00edben nejen u profesion\u00e1ln\u00edch v\u00fdrobc\u016f mnoha obor\u016f a v\u00fdzkumn\u00fdch laborato\u0159\u00ed, ale i u hobby p\u011bstitel\u016f. Microboxy jsou hlavn\u011b pou\u017e\u00edv\u00e1ny v\u00a0Nizozem\u00ed, Belgii, N\u011bmecku a GB, ale i v\u00a0USA a Kanad\u011b, kde v\u00fdrobce \u010d\u00e1st produkce exportuje. N\u00e1doby Microbox jsou patentovan\u00fdm syst\u00e9mem belgick\u00e9 firmy. 1. Vysoce efektivn\u00ed v\u00fdm\u011bna plyn\u016f bez v\u00fdznamn\u00e9 ztr\u00e1ty vlhkosti. Podm\u00ednky uvnit\u0159 Microboxu jsou optim\u00e1ln\u00ed pro r\u016fstovou f\u00e1zi, kter\u00e9 vy\u017eaduj\u00ed velk\u00e9 mno\u017estv\u00ed v\u00fdm\u011bny plyn\u016f ve steriln\u00edm a vlhk\u00e9m prost\u0159ed\u00ed. Microbox m\u00e1 \u0161irok\u00e9 spektrum pou\u017eit\u00ed. Pou\u017e\u00edv\u00e1 se pro p\u011bstov\u00e1n\u00ed i aklimatiza\u010dn\u00ed f\u00e1ze nejr\u016fzn\u011bj\u0161\u00edch druh\u016f rostlinek, p\u011bstov\u00e1n\u00ed \\\"in vitro\\\" (micropropagation), p\u011bstov\u00e1n\u00ed i mno\u017een\u00ed podhoub\u00ed r\u016fzn\u00fdch hub, p\u011bstov\u00e1n\u00ed microgreens, p\u011bstov\u00e1n\u00ed ze sem\u00ednek a mno\u017een\u00ed rostlinn\u00e9ho materi\u00e1lu, chov hmyzu, larev, \u010derv\u016f, \u017e\u00ed\u017eal atp. To v\u0161e bez vysu\u0161ov\u00e1n\u00ed atmosf\u00e9ry v microboxu. V\u00ed\u010dka krabic jsou vybaveny patentovan\u00fdm hloubkov\u00fdm filtra\u010dn\u00edm syst\u00e9mem s \u00fa\u010dinnost\u00ed, kter\u00e1 m\u016f\u017ee b\u00fdt p\u0159izp\u016fsobena pot\u0159eb\u00e1m p\u011bstov\u00e1n\u00ed. Denn\u011b jsou plyny v ochrann\u00e9 atmosf\u00e9\u0159e Microboxu kompletn\u011b vym\u011bn\u011bny 10x a\u017e 90x podle typu filtru. I kdy\u017e mno\u017estv\u00ed v\u00fdm\u011bny plyn\u016f dosahuje tak vysok\u00e9 \u00farovn\u011b, ztr\u00e1ta vlhkosti je st\u00e1le velmi n\u00edzk\u00e1 a nikdy nedovol\u00ed ani st\u0159edn\u00ed vysych\u00e1n\u00ed subjektu, m\u00e9dia nebo substr\u00e1tu. Microboxy se vyr\u00e1b\u011bj\u00ed ve dvou verz\u00edch. Z v\u00fdroby odch\u00e1z\u00ed jako nesteriln\u00ed (s n\u00e1slednou mo\u017enost\u00ed sterilizace i autokl\u00e1vu p\u0159i +121\u00b0 C) nebo gamma oz\u00e1\u0159en\u00e9 - steriln\u00ed. Gamma steriln\u00ed Microboxy jsou v\u011bt\u0161inou ur\u010deny pro jednor\u00e1zov\u00e9 speci\u00e1ln\u00ed biotechnologick\u00e9 nebo laboratorn\u00ed pou\u017eit\u00ed. Nejsou v\u0161ak autokl\u00e1vovateln\u00e9 a hermeticky uzav\u00edrateln\u00e9. Z v\u00fdroby nesteriln\u00ed Microboxy jsou dod\u00e1ny ve v\u00e1lcov\u00e9 verzi (kruhov\u00e1 z\u00e1kladna) nebo ve verzi s obd\u00e9ln\u00edkovou z\u00e1kladnou. V\u00e1lcov\u00e1 verze umo\u017e\u0148uje jednoduch\u00e9 p\u0159esazov\u00e1n\u00ed obsahu Microbox\u016f do kv\u011btin\u00e1\u010d\u016f nebo jin\u00fdch n\u00e1dob s v\u011bt\u0161\u00edm obsahem, nap\u0159. u p\u011bstov\u00e1n\u00ed rostlin ze sem\u00ednek, kl\u00ed\u010den\u00ed, mno\u017een\u00ed rostlin, p\u011bstov\u00e1n\u00ed sazeni\u010dek nebo i p\u0159i fruktifikaci myc\u00e9lia r\u016fzn\u00fdch hub. 2. K\u0159i\u0161\u0165\u00e1lov\u011b \u010dist\u00fd a pru\u017en\u00fd polypropyl\u00e9n se snadnou kontrolou kvality r\u016fstu. Kryt s filtrem a n\u00e1doby jsou vyrobeny z pru\u017en\u00e9ho polypropyl\u00e9nu. K\u0159i\u0161\u0165\u00e1lov\u011b \u010dist\u00fd plast s \u00fazk\u00fdm filtra\u010dn\u00edm p\u00e1skem zaru\u010duje snadnou vizu\u00e1ln\u00ed kontrolu kvality obsahu Microboxu. V\u00ed\u010dko lze otev\u00edrat a zav\u00edrat velmi snadno znovu a znovu. Tento syst\u00e9m nevy\u017eaduje drah\u00e9 p\u011bstebn\u00ed vybaven\u00ed nap\u0159. v lamin\u00e1rn\u00edm proud\u011bn\u00ed vzduchu a je ur\u010den jak pro profesion\u00e1ln\u00ed, tak i pro hobby pou\u017eit\u00ed. Microboxy si zachov\u00e1vaj\u00ed sv\u00e9 vlastnosti mezi -5\u00b0 C a\u017e +135\u00b0 C (23\u00b0 F a\u017e 275\u00b0 F). Jsou ekologicky a ekonomicky zaj\u00edmav\u00e9 i pro z\u00e1kazn\u00edky, kte\u0159\u00ed vy\u017eaduj\u00ed op\u011btovn\u00e9 pou\u017eit\u00ed obal\u016f. Recyklace materi\u00e1lu je 100%. Obrovskou p\u0159ednost\u00ed Microboxu je jeho mo\u017enost sterilizace i autokl\u00e1vu, v\u010d. obsahu (\u017eivn\u00fd roztok, substr\u00e1ty). V\u00ed\u010dko s filtrem a n\u00e1dobu lze autokl\u00e1vovat mnohokr\u00e1t (8-10x) se st\u00e1lou spolehlivost\u00ed funkce Microboxu. V hobby podm\u00ednk\u00e1ch lze Microbox alternativn\u011b sterilizovat i za pou\u017eit\u00ed mikrovlnky. 3. U\u017e \u017e\u00e1dn\u00e1 kontaminace r\u016fzn\u00fdmi ne\u010distotami, infekcemi a \u0161k\u016fdci. V Microboxech nehroz\u00ed \u017e\u00e1dn\u00e9 nebezpe\u010d\u00ed vn\u011bj\u0161\u00ed infekce. Pru\u017en\u00e9 filtry v Microboxu tvo\u0159\u00ed kompletn\u00ed bari\u00e9ru proti \u0161k\u016fdc\u016fm a ne\u010distot\u00e1m. Tajemstv\u00ed origin\u00e1ln\u00edho filtru je v hloubkov\u00e9 filtraci, kter\u00e1 je v podstat\u011b srovnateln\u00e1 s HEPA filtry s \u00fa\u010dinnost\u00ed 99,95%. Filtr tvo\u0159\u00ed komplexn\u00ed a efektivn\u00ed bari\u00e9ru pro r\u016fznorod\u00fd prach, alergeny, pl\u00eds\u0148ov\u00e9 sp\u00f3ry, rozto\u010de, hmyz a jin\u00e9 \u0161k\u016fdce, kte\u0159\u00ed by mohli kontaminovat prost\u0159ed\u00ed Microboxu. Tento hloubkov\u00fd filtra\u010dn\u00ed syst\u00e9m je dnes nej\u00fa\u010dinn\u011bj\u0161\u00ed filtr, kter\u00fd umo\u017e\u0148uje vysokou v\u00fdm\u011bnu plyn\u016f, nav\u00edc s velmi omezenou dehydratac\u00ed cel\u00e9ho obsahu Microboxu, p\u0159i pln\u00e9m zachov\u00e1n\u00ed jeho filtra\u010dn\u00edch kapacit. Byly prok\u00e1z\u00e1ny zna\u010dn\u00e9 \u00faspory materi\u00e1lu, \u017eivin a energie, nap\u0159. u p\u011bstov\u00e1n\u00ed a mno\u017een\u00ed \\\"in vitro\\\" (micropropagation) v biotechnologick\u00e9 v\u00fdrob\u011b i v r\u016fzn\u00fdch laborato\u0159\u00edch, zejm\u00e9na tam, kde v\u00fdm\u011bna plyn\u016f za p\u0159\u00edsn\u011b steriln\u00edch podm\u00ednek mus\u00ed b\u00fdt velmi vysok\u00e1.\", \"Czech Female\");\n                }\n            };\n        <\/script>\n    <\/p>\n<p style=\"text-align: justify;\"><strong><span style=\"color: #0000ff;\">Microbox je \u010dir\u00e1 \u200b\u200bpolypropylenov\u00e1 n\u00e1doba s hermeticky uzav\u00edrac\u00edm v\u00ed\u010dkem a filtrem. Filtr je v\u00fdsledkem v\u011bdeck\u00e9ho v\u00fdzkumu a je nejv\u00edce efektivn\u00edm hloubkov\u00fdm filtra\u010dn\u00edm syst\u00e9mem na trhu. Celosv\u011btov\u00fd \u00fasp\u011bch Microbox\u016f byl dosa\u017een d\u00edky unik\u00e1tn\u00ed kombinaci vlastnost\u00ed, kter\u00e9 nejsou dosa\u017eeny jak\u00fdmkoliv jin\u00fdm typem filtra\u010dn\u00edho syst\u00e9mu. Syst\u00e9m je velmi obl\u00edben nejen u profesion\u00e1ln\u00edch v\u00fdrobc\u016f mnoha obor\u016f a v\u00fdzkumn\u00fdch laborato\u0159\u00ed, ale i u hobby p\u011bstitel\u016f. Microboxy jsou hlavn\u011b pou\u017e\u00edv\u00e1ny v\u00a0Nizozem\u00ed, Belgii, N\u011bmecku a GB, ale i v\u00a0USA a Kanad\u011b, kde v\u00fdrobce \u010d\u00e1st produkce exportuje. N\u00e1doby Microbox jsou patentovan\u00fdm syst\u00e9mem belgick\u00e9 firmy.<\/span><br \/>\n<\/strong><\/p>\n<p><strong>1. Vysoce efektivn\u00ed v\u00fdm\u011bna plyn\u016f bez v\u00fdznamn\u00e9 ztr\u00e1ty vlhkosti.<br \/>\n<\/strong><\/p>\n<p style=\"text-align: justify;\"><img loading=\"lazy\" class=\"wp-image-58 alignleft\" src=\"http:\/\/www.microbox.cz\/wp-content\/uploads\/2014\/10\/microbox1.jpg\" alt=\"\" width=\"210\" height=\"150\" \/>Podm\u00ednky uvnit\u0159 Microboxu jsou optim\u00e1ln\u00ed pro r\u016fstovou f\u00e1zi, kter\u00e9 vy\u017eaduj\u00ed velk\u00e9 mno\u017estv\u00ed v\u00fdm\u011bny plyn\u016f ve steriln\u00edm a vlhk\u00e9m prost\u0159ed\u00ed. Microbox m\u00e1 \u0161irok\u00e9 spektrum pou\u017eit\u00ed. Pou\u017e\u00edv\u00e1 se pro p\u011bstov\u00e1n\u00ed i aklimatiza\u010dn\u00ed f\u00e1ze nejr\u016fzn\u011bj\u0161\u00edch druh\u016f rostlinek, p\u011bstov\u00e1n\u00ed \"in vitro\" (micropropagation), p\u011bstov\u00e1n\u00ed i mno\u017een\u00ed podhoub\u00ed r\u016fzn\u00fdch hub, p\u011bstov\u00e1n\u00ed microgreens, p\u011bstov\u00e1n\u00ed ze sem\u00ednek a mno\u017een\u00ed rostlinn\u00e9ho materi\u00e1lu, chov hmyzu, larev, \u010derv\u016f, \u017e\u00ed\u017eal atp. To v\u0161e bez vysu\u0161ov\u00e1n\u00ed atmosf\u00e9ry v microboxu. V\u00ed\u010dka krabic jsou vybaveny patentovan\u00fdm hloubkov\u00fdm filtra\u010dn\u00edm syst\u00e9mem s \u00fa\u010dinnost\u00ed, kter\u00e1 m\u016f\u017ee b\u00fdt p\u0159izp\u016fsobena pot\u0159eb\u00e1m p\u011bstov\u00e1n\u00ed. Denn\u011b jsou plyny v ochrann\u00e9 atmosf\u00e9\u0159e Microboxu kompletn\u011b vym\u011bn\u011bny 10x a\u017e 90x podle typu filtru. I kdy\u017e mno\u017estv\u00ed v\u00fdm\u011bny plyn\u016f dosahuje tak vysok\u00e9 \u00farovn\u011b, ztr\u00e1ta vlhkosti je st\u00e1le velmi n\u00edzk\u00e1 a nikdy nedovol\u00ed ani st\u0159edn\u00ed vysych\u00e1n\u00ed subjektu, m\u00e9dia nebo substr\u00e1tu. Microboxy se vyr\u00e1b\u011bj\u00ed ve dvou verz\u00edch. Z v\u00fdroby odch\u00e1z\u00ed jako nesteriln\u00ed (s n\u00e1slednou mo\u017enost\u00ed sterilizace i autokl\u00e1vu p\u0159i +121\u00b0 C) nebo gamma oz\u00e1\u0159en\u00e9 - steriln\u00ed. Gamma steriln\u00ed Microboxy jsou v\u011bt\u0161inou ur\u010deny pro jednor\u00e1zov\u00e9 speci\u00e1ln\u00ed biotechnologick\u00e9 nebo laboratorn\u00ed pou\u017eit\u00ed. Nejsou v\u0161ak autokl\u00e1vovateln\u00e9 a hermeticky uzav\u00edrateln\u00e9. Z v\u00fdroby nesteriln\u00ed Microboxy jsou dod\u00e1ny ve v\u00e1lcov\u00e9 verzi (kruhov\u00e1 z\u00e1kladna) nebo ve verzi s obd\u00e9ln\u00edkovou z\u00e1kladnou. V\u00e1lcov\u00e1 verze umo\u017e\u0148uje jednoduch\u00e9 p\u0159esazov\u00e1n\u00ed obsahu Microbox\u016f do kv\u011btin\u00e1\u010d\u016f nebo jin\u00fdch n\u00e1dob s v\u011bt\u0161\u00edm obsahem, nap\u0159. u p\u011bstov\u00e1n\u00ed rostlin ze sem\u00ednek, kl\u00ed\u010den\u00ed, mno\u017een\u00ed rostlin, p\u011bstov\u00e1n\u00ed sazeni\u010dek nebo i p\u0159i fruktifikaci myc\u00e9lia r\u016fzn\u00fdch hub.<\/p>\n<p><img loading=\"lazy\" class=\"wp-image-10 alignleft\" src=\"http:\/\/www.microbox.cz\/wp-content\/uploads\/2014\/10\/microbox-animation.gif\" alt=\"\" width=\"203\" height=\"145\" \/><strong>2. K\u0159i\u0161\u0165\u00e1lov\u011b \u010dist\u00fd a pru\u017en\u00fd polypropyl\u00e9n se snadnou kontrolou kvality r\u016fstu.<br \/>\n<\/strong><\/p>\n<p style=\"text-align: justify;\">Kryt s filtrem a n\u00e1doby jsou vyrobeny z pru\u017en\u00e9ho polypropyl\u00e9nu. K\u0159i\u0161\u0165\u00e1lov\u011b \u010dist\u00fd plast s \u00fazk\u00fdm filtra\u010dn\u00edm p\u00e1skem zaru\u010duje snadnou vizu\u00e1ln\u00ed kontrolu kvality obsahu Microboxu. V\u00ed\u010dko lze otev\u00edrat a zav\u00edrat velmi snadno znovu a znovu. Tento syst\u00e9m nevy\u017eaduje drah\u00e9 p\u011bstebn\u00ed vybaven\u00ed nap\u0159. v lamin\u00e1rn\u00edm proud\u011bn\u00ed vzduchu a je ur\u010den jak pro profesion\u00e1ln\u00ed, tak i pro hobby pou\u017eit\u00ed. Microboxy si zachov\u00e1vaj\u00ed sv\u00e9 vlastnosti mezi -5\u00b0 C a\u017e +135\u00b0 C (23\u00b0 F a\u017e 275\u00b0 F). Jsou ekologicky a ekonomicky zaj\u00edmav\u00e9 i pro z\u00e1kazn\u00edky, kte\u0159\u00ed vy\u017eaduj\u00ed op\u011btovn\u00e9 pou\u017eit\u00ed obal\u016f. Recyklace materi\u00e1lu je 100%. Obrovskou p\u0159ednost\u00ed Microboxu je jeho mo\u017enost sterilizace i autokl\u00e1vu, v\u010d. obsahu (\u017eivn\u00fd roztok, substr\u00e1ty). V\u00ed\u010dko s filtrem a n\u00e1dobu lze autokl\u00e1vovat mnohokr\u00e1t (8-10x) se st\u00e1lou spolehlivost\u00ed funkce Microboxu. V hobby podm\u00ednk\u00e1ch lze Microbox alternativn\u011b sterilizovat i za pou\u017eit\u00ed mikrovlnky.<\/p>\n<p><img loading=\"lazy\" class=\"wp-image-60 alignleft\" src=\"http:\/\/www.microbox.cz\/wp-content\/uploads\/2014\/10\/microbox2.jpg\" alt=\"\" width=\"152\" height=\"163\" \/><strong>3. U\u017e \u017e\u00e1dn\u00e1 kontaminace r\u016fzn\u00fdmi ne\u010distotami, infekcemi a \u0161k\u016fdci.<br \/>\n<\/strong><\/p>\n<p style=\"text-align: justify;\">V Microboxech nehroz\u00ed \u017e\u00e1dn\u00e9 nebezpe\u010d\u00ed vn\u011bj\u0161\u00ed infekce. Pru\u017en\u00e9 filtry v Microboxu tvo\u0159\u00ed kompletn\u00ed bari\u00e9ru proti \u0161k\u016fdc\u016fm a ne\u010distot\u00e1m. Tajemstv\u00ed origin\u00e1ln\u00edho filtru je v hloubkov\u00e9 filtraci, kter\u00e1 je v podstat\u011b srovnateln\u00e1 s HEPA filtry s \u00fa\u010dinnost\u00ed 99,95%. Filtr tvo\u0159\u00ed komplexn\u00ed a efektivn\u00ed bari\u00e9ru pro r\u016fznorod\u00fd prach, alergeny, pl\u00eds\u0148ov\u00e9 sp\u00f3ry, rozto\u010de, hmyz a jin\u00e9 \u0161k\u016fdce, kte\u0159\u00ed by mohli kontaminovat prost\u0159ed\u00ed Microboxu. Tento hloubkov\u00fd filtra\u010dn\u00ed syst\u00e9m je dnes nej\u00fa\u010dinn\u011bj\u0161\u00ed filtr, kter\u00fd umo\u017e\u0148uje vysokou v\u00fdm\u011bnu plyn\u016f, nav\u00edc s velmi omezenou dehydratac\u00ed cel\u00e9ho obsahu Microboxu, p\u0159i pln\u00e9m zachov\u00e1n\u00ed jeho filtra\u010dn\u00edch kapacit. Byly prok\u00e1z\u00e1ny zna\u010dn\u00e9 \u00faspory materi\u00e1lu, \u017eivin a energie, nap\u0159. u p\u011bstov\u00e1n\u00ed a mno\u017een\u00ed \"in vitro\" (micropropagation) v biotechnologick\u00e9 v\u00fdrob\u011b i v r\u016fzn\u00fdch laborato\u0159\u00edch, zejm\u00e9na tam, kde v\u00fdm\u011bna plyn\u016f za p\u0159\u00edsn\u011b steriln\u00edch podm\u00ednek mus\u00ed b\u00fdt velmi vysok\u00e1.<\/p>\n<p><img loading=\"lazy\" class=\"wp-image-15 aligncenter\" src=\"http:\/\/www.microbox.cz\/wp-content\/uploads\/2014\/10\/mb5.png\" alt=\"\" width=\"174\" height=\"164\" srcset=\"https:\/\/www.microbox.cz\/wp-content\/uploads\/2014\/10\/mb5.png 349w, https:\/\/www.microbox.cz\/wp-content\/uploads\/2014\/10\/mb5-300x283.png 300w\" sizes=\"(max-width: 174px) 100vw, 174px\" \/><\/p>\n","protected":false},"excerpt":{"rendered":"<p>Microbox je \u010dir\u00e1 \u200b\u200bpolypropylenov\u00e1 n\u00e1doba s hermeticky uzav\u00edrac\u00edm v\u00ed\u010dkem a filtrem. Filtr je v\u00fdsledkem v\u011bdeck\u00e9ho v\u00fdzkumu a je nejv\u00edce efektivn\u00edm hloubkov\u00fdm filtra\u010dn\u00edm syst\u00e9mem na trhu. Celosv\u011btov\u00fd \u00fasp\u011bch Microbox\u016f byl dosa\u017een d\u00edky unik\u00e1tn\u00ed kombinaci vlastnost\u00ed, kter\u00e9 nejsou dosa\u017eeny jak\u00fdmkoliv jin\u00fdm typem filtra\u010dn\u00edho syst\u00e9mu. Syst\u00e9m je velmi obl\u00edben nejen u profesion\u00e1ln\u00edch v\u00fdrobc\u016f mnoha obor\u016f a v\u00fdzkumn\u00fdch laborato\u0159\u00ed, <a class=\"read-more\" href=\"https:\/\/www.microbox.cz\/?page_id=161\">...continue reading <span class=\"meta-nav\">&rarr;<\/span><\/a><\/p>\n","protected":false},"author":1,"featured_media":0,"parent":0,"menu_order":0,"comment_status":"closed","ping_status":"closed","template":"","meta":[],"_links":{"self":[{"href":"https:\/\/www.microbox.cz\/index.php?rest_route=\/wp\/v2\/pages\/161"}],"collection":[{"href":"https:\/\/www.microbox.cz\/index.php?rest_route=\/wp\/v2\/pages"}],"about":[{"href":"https:\/\/www.microbox.cz\/index.php?rest_route=\/wp\/v2\/types\/page"}],"author":[{"embeddable":true,"href":"https:\/\/www.microbox.cz\/index.php?rest_route=\/wp\/v2\/users\/1"}],"replies":[{"embeddable":true,"href":"https:\/\/www.microbox.cz\/index.php?rest_route=%2Fwp%2Fv2%2Fcomments&post=161"}],"version-history":[{"count":34,"href":"https:\/\/www.microbox.cz\/index.php?rest_route=\/wp\/v2\/pages\/161\/revisions"}],"predecessor-version":[{"id":1338,"href":"https:\/\/www.microbox.cz\/index.php?rest_route=\/wp\/v2\/pages\/161\/revisions\/1338"}],"wp:attachment":[{"href":"https:\/\/www.microbox.cz\/index.php?rest_route=%2Fwp%2Fv2%2Fmedia&parent=161"}],"curies":[{"name":"wp","href":"https:\/\/api.w.org\/{rel}","templated":true}]}}