{"id":168,"date":"2014-10-16T19:50:37","date_gmt":"2014-10-16T19:50:37","guid":{"rendered":"http:\/\/www.microbox.cz\/?page_id=168"},"modified":"2023-09-29T10:17:18","modified_gmt":"2023-09-29T10:17:18","slug":"zajimavosti","status":"publish","type":"page","link":"https:\/\/www.microbox.cz\/?page_id=168","title":{"rendered":"DOPRODEJ microbox\u016f"},"content":{"rendered":"<p><img loading=\"lazy\" class=\"wp-image-16 alignleft\" src=\"http:\/\/www.microbox.cz\/wp-content\/uploads\/2014\/10\/mb6-300x266.png\" alt=\"\" width=\"177\" height=\"157\" srcset=\"https:\/\/www.microbox.cz\/wp-content\/uploads\/2014\/10\/mb6-300x266.png 300w, https:\/\/www.microbox.cz\/wp-content\/uploads\/2014\/10\/mb6.png 588w\" sizes=\"(max-width: 177px) 100vw, 177px\" \/><\/p>\n<p style=\"text-align: justify;\"><span style=\"color: #000000;\"><strong>Str\u00e1nky microbox.cz nejsou prodejn\u00edmi str\u00e1nkami ani eshopem a maj\u00ed v\u00fdhradn\u011b v\u0161eobecn\u00fd informa\u010dn\u00ed charakter, mj. o p\u011bstebn\u00edm syst\u00e9mu microbox\u016f a jeho pou\u017eit\u00ed. Kusov\u00fd MO prodej microbox\u016f p\u0159es eshop NADINES.CZ (\u010cesk\u00e1 republika) byl ji\u017e ukon\u010den. <\/strong><\/span><strong><span style=\"color: #000000;\">Doprodej microbox\u016f jen ve VO balen\u00ed je ale mo\u017en\u00fd, do vyprod\u00e1n\u00ed z\u00e1sob - viz<\/span> <span style=\"color: #0000ff;\"><a style=\"color: #0000ff;\" href=\"http:\/\/www.microbox.cz\/?page_id=192\">Typy Microbox<\/a>. <\/span><\/strong><strong><span style=\"color: #000000;\">Pouze osobn\u00ed odb\u011br v Ostrav\u011b (\u010cesk\u00e1 republika<\/span><\/strong><strong style=\"font-size: 1rem;\"><span style=\"color: #000000;\">). Viz Kontakt.<\/span><\/strong><\/p>\n<p style=\"text-align: justify;\">\n","protected":false},"excerpt":{"rendered":"<p>Str\u00e1nky microbox.cz nejsou prodejn\u00edmi str\u00e1nkami ani eshopem a maj\u00ed v\u00fdhradn\u011b v\u0161eobecn\u00fd informa\u010dn\u00ed charakter, mj. o p\u011bstebn\u00edm syst\u00e9mu microbox\u016f a jeho pou\u017eit\u00ed. Kusov\u00fd MO prodej microbox\u016f p\u0159es eshop NADINES.CZ (\u010cesk\u00e1 republika) byl ji\u017e ukon\u010den. Doprodej microbox\u016f jen ve VO balen\u00ed je ale mo\u017en\u00fd, do vyprod\u00e1n\u00ed z\u00e1sob - viz Typy Microbox. Pouze osobn\u00ed odb\u011br v Ostrav\u011b (\u010cesk\u00e1 <a class=\"read-more\" href=\"https:\/\/www.microbox.cz\/?page_id=168\">...continue reading <span class=\"meta-nav\">&rarr;<\/span><\/a><\/p>\n","protected":false},"author":1,"featured_media":0,"parent":0,"menu_order":8,"comment_status":"closed","ping_status":"closed","template":"","meta":[],"_links":{"self":[{"href":"https:\/\/www.microbox.cz\/index.php?rest_route=\/wp\/v2\/pages\/168"}],"collection":[{"href":"https:\/\/www.microbox.cz\/index.php?rest_route=\/wp\/v2\/pages"}],"about":[{"href":"https:\/\/www.microbox.cz\/index.php?rest_route=\/wp\/v2\/types\/page"}],"author":[{"embeddable":true,"href":"https:\/\/www.microbox.cz\/index.php?rest_route=\/wp\/v2\/users\/1"}],"replies":[{"embeddable":true,"href":"https:\/\/www.microbox.cz\/index.php?rest_route=%2Fwp%2Fv2%2Fcomments&post=168"}],"version-history":[{"count":81,"href":"https:\/\/www.microbox.cz\/index.php?rest_route=\/wp\/v2\/pages\/168\/revisions"}],"predecessor-version":[{"id":1753,"href":"https:\/\/www.microbox.cz\/index.php?rest_route=\/wp\/v2\/pages\/168\/revisions\/1753"}],"wp:attachment":[{"href":"https:\/\/www.microbox.cz\/index.php?rest_route=%2Fwp%2Fv2%2Fmedia&parent=168"}],"curies":[{"name":"wp","href":"https:\/\/api.w.org\/{rel}","templated":true}]}}