{"id":192,"date":"2014-10-18T00:09:11","date_gmt":"2014-10-18T00:09:11","guid":{"rendered":"http:\/\/www.microbox.cz\/?page_id=192"},"modified":"2022-09-13T06:35:14","modified_gmt":"2022-09-13T06:35:14","slug":"typy-microbox","status":"publish","type":"page","link":"https:\/\/www.microbox.cz\/?page_id=192","title":{"rendered":"N\u011bkter\u00e9 typy &#8211; doprodej"},"content":{"rendered":"<p style=\"text-align: justify;\"><a href=\"http:\/\/www.microbox.cz\/wp-content\/uploads\/2014\/10\/microbox-animation.gif\"><img loading=\"lazy\" class=\"alignnone size-full wp-image-10\" src=\"http:\/\/www.microbox.cz\/wp-content\/uploads\/2014\/10\/microbox-animation.gif\" alt=\"\" width=\"300\" height=\"214\" \/><\/a><\/p>\n<p style=\"text-align: justify;\"><strong>Typy Microbox\u016f podle druhu filtr\u016f a rozm\u011br\u016f:<\/strong><\/p>\n<p><span style=\"color: #993300;\"><strong>V\u00e1lcov\u00e9 typy s kruhovou z\u00e1kladnou:<\/strong><\/span><\/p>\n<p><img loading=\"lazy\" class=\"alignnone wp-image-205 size-full\" src=\"http:\/\/www.microbox.cz\/wp-content\/uploads\/2014\/10\/zb3saa.png\" alt=\"\" width=\"200\" height=\"150\" \/><\/p>\n<p><strong><span style=\"color: #0000ff;\">K\u00d3D<\/span><\/strong> Kryt mm: 110<br \/>\n<strong><span style=\"color: #0000ff;\">K300<\/span><\/strong> Z\u00e1kladna mm: 97<br \/>\n<strong>Objem<\/strong> <strong>300 ML<\/strong> V\u00fd\u0161ka mm: 50<br \/>\nFiltry: <strong>L<\/strong>,\u00a0<strong>XXL+<\/strong>, <strong>VO balen\u00ed: 40 ks, VO cena za cel\u00e9 balen\u00ed 980,- K\u010d<\/strong><\/p>\n<p><img loading=\"lazy\" class=\"alignnone wp-image-279 size-full\" src=\"http:\/\/www.microbox.cz\/wp-content\/uploads\/2014\/10\/zb7saa.png\" alt=\"zb7saa\" width=\"200\" height=\"150\" \/><\/p>\n<p><strong><span style=\"color: #0000ff;\">K\u00d3D<\/span><\/strong> Kryt mm: 110<br \/>\n<strong><span style=\"color: #0000ff;\">K565<\/span><\/strong> Z\u00e1kladna mm: 97<br \/>\n<strong>Objem<\/strong> <strong>565 ML<\/strong> V\u00fd\u0161ka mm: 80<br \/>\nFiltry:<strong> L<\/strong>,<strong>\u00a0XXL+<\/strong>, <strong>VO balen\u00ed: 20 ks, VO cena za cel\u00e9 balen\u00ed\u00a0580,- K\u010d<\/strong><\/p>\n<p><img loading=\"lazy\" class=\"alignnone wp-image-278 size-full\" src=\"http:\/\/www.microbox.cz\/wp-content\/uploads\/2014\/10\/zb1saa.png\" alt=\"zb1saa\" width=\"200\" height=\"150\" \/><\/p>\n<p><strong><span style=\"color: #0000ff;\">K\u00d3D<\/span><\/strong> Kryt mm: 110<br \/>\n<span style=\"color: #0000ff;\"><strong>K870<\/strong><\/span> Z\u00e1kladna mm: 97<br \/>\n<strong>Objem 870 ML<\/strong> V\u00fd\u0161ka mm: 120<br \/>\nFiltry:<strong> L<\/strong>, <strong>XXL+<\/strong>, <strong>VO balen\u00ed: 20 ks, VO cena za cel\u00e9 balen\u00ed\u00a0680,- K\u010d<\/strong><\/p>\n<p><img loading=\"lazy\" class=\"alignnone wp-image-207 size-full\" src=\"http:\/\/www.microbox.cz\/wp-content\/uploads\/2014\/10\/zb4saa.png\" alt=\"\" width=\"200\" height=\"150\" \/><\/p>\n<p><strong><span style=\"color: #0000ff;\">K\u00d3D<\/span><\/strong> Kryt mm: 110<br \/>\n<span style=\"color: #0000ff;\"><strong>K1000<\/strong> <\/span>Z\u00e1kladna mm: 90<br \/>\n<strong>Objem<\/strong> <strong>1000 ML<\/strong> V\u00fd\u0161ka mm: 140<br \/>\nFiltry: <strong>XXL<\/strong>,\u00a0<strong>VO balen\u00ed: 15 ks, VO cena za cel\u00e9 balen\u00ed\u00a0680,- K\u010d<\/strong><\/p>\n<p><strong><span style=\"color: #ff0000;\">TYP NEN\u00cd SKLADEM - VYPROD\u00c1NO<\/span><\/strong><\/p>\n<p><span style=\"color: #993300;\"><strong>Ov\u00e1ln\u00e9 typy s obd\u00e9ln\u00edkovou z\u00e1kladnou:<\/strong><\/span><\/p>\n<p><img loading=\"lazy\" class=\"alignnone wp-image-204 size-full\" src=\"http:\/\/www.microbox.cz\/wp-content\/uploads\/2014\/10\/zb9saa.png\" alt=\"\" width=\"200\" height=\"150\" \/><\/p>\n<p><strong><span style=\"color: #0000ff;\">K\u00d3D<\/span><\/strong> D\u00e9lka mm: 150<br \/>\n<span style=\"color: #0000ff;\"><strong>O540<\/strong><\/span> \u0160\u00ed\u0159ka mm: 90<br \/>\n<strong>Objem<\/strong> <strong>540 ML<\/strong> V\u00fd\u0161ka mm: 80<br \/>\nFiltry: <strong>L<\/strong>, <strong>XXL+<\/strong>, <strong>VO balen\u00ed: 25 ks, VO cena za cel\u00e9 balen\u00ed\u00a0780,- K\u010d<\/strong><\/p>\n<p><img loading=\"lazy\" class=\"alignnone wp-image-280 size-full\" src=\"http:\/\/www.microbox.cz\/wp-content\/uploads\/2014\/10\/zb15saa.png\" alt=\"zb15saa\" width=\"200\" height=\"150\" \/><\/p>\n<p><strong><span style=\"color: #0000ff;\">K\u00d3D<\/span><\/strong> D\u00e9lka mm: 182<br \/>\n<span style=\"color: #0000ff;\"><strong>O750<\/strong><\/span> \u0160\u00ed\u0159ka mm: 120<br \/>\n<strong>Objem<\/strong> <strong>750 ML<\/strong> V\u00fd\u0161ka mm: 50<br \/>\n*Filtry:<strong> XXL, XXL+<\/strong>, <strong>VO balen\u00ed: 18 ks, VO cena za cel\u00e9 balen\u00ed\u00a0680,- K\u010d<\/strong><\/p>\n<p><img loading=\"lazy\" class=\"alignnone wp-image-281 size-full\" src=\"http:\/\/www.microbox.cz\/wp-content\/uploads\/2014\/10\/zb10saa.png\" alt=\"zb10saa\" width=\"200\" height=\"150\" \/><\/p>\n<p><span style=\"color: #0000ff;\"><strong>K\u00d3D<\/strong><\/span> D\u00e9lka mm: 182<br \/>\n<span style=\"color: #0000ff;\"><strong>O1200<\/strong><\/span> \u0160\u00ed\u0159ka mm: 120<br \/>\n<strong>Objem<\/strong> <strong>1200 ML<\/strong> V\u00fd\u0161ka mm: 70<br \/>\n*Filtry: <strong>XXL, XXL+<\/strong>, <strong>VO balen\u00ed: 15 ks, VO cena za cel\u00e9 balen\u00ed\u00a0680,- K\u010d<\/strong><\/p>\n<p>U VO balen\u00ed skladem\u00a0<strong>tu\u010dn\u011b<\/strong> ozna\u010den\u00e9 typy filtr\u016f <strong>b\u00edl\u00fd (L) a zelen\u00fd (XXL+)<\/strong>. U typu K1000 <strong>\u010derven\u00fd (XXL)<\/strong> filtr.<\/p>\n<p>*Filtry u t\u011bchto typ\u016f Microbox\u016f jsou dod\u00e1v\u00e1ny v b\u00edl\u00e9 (XXL) a zelen\u00e9 (XXL+) barv\u011b.<\/p>\n<p><img loading=\"lazy\" class=\"alignnone wp-image-424 size-full\" src=\"http:\/\/www.microbox.cz\/wp-content\/uploads\/2014\/10\/microbox-photo9.png\" alt=\"\" width=\"600\" height=\"200\" srcset=\"https:\/\/www.microbox.cz\/wp-content\/uploads\/2014\/10\/microbox-photo9.png 600w, https:\/\/www.microbox.cz\/wp-content\/uploads\/2014\/10\/microbox-photo9-300x100.png 300w\" sizes=\"(max-width: 600px) 100vw, 600px\" \/><\/p>\n","protected":false},"excerpt":{"rendered":"<p>Typy Microbox\u016f podle druhu filtr\u016f a rozm\u011br\u016f: V\u00e1lcov\u00e9 typy s kruhovou z\u00e1kladnou: K\u00d3D Kryt mm: 110 K300 Z\u00e1kladna mm: 97 Objem 300 ML V\u00fd\u0161ka mm: 50 Filtry: L,\u00a0XXL+, VO balen\u00ed: 40 ks, VO cena za cel\u00e9 balen\u00ed 980,- K\u010d K\u00d3D Kryt mm: 110 K565 Z\u00e1kladna mm: 97 Objem 565 ML V\u00fd\u0161ka mm: 80 Filtry: L,\u00a0XXL+, <a class=\"read-more\" href=\"https:\/\/www.microbox.cz\/?page_id=192\">...continue reading <span class=\"meta-nav\">&rarr;<\/span><\/a><\/p>\n","protected":false},"author":1,"featured_media":0,"parent":168,"menu_order":1,"comment_status":"closed","ping_status":"closed","template":"","meta":[],"_links":{"self":[{"href":"https:\/\/www.microbox.cz\/index.php?rest_route=\/wp\/v2\/pages\/192"}],"collection":[{"href":"https:\/\/www.microbox.cz\/index.php?rest_route=\/wp\/v2\/pages"}],"about":[{"href":"https:\/\/www.microbox.cz\/index.php?rest_route=\/wp\/v2\/types\/page"}],"author":[{"embeddable":true,"href":"https:\/\/www.microbox.cz\/index.php?rest_route=\/wp\/v2\/users\/1"}],"replies":[{"embeddable":true,"href":"https:\/\/www.microbox.cz\/index.php?rest_route=%2Fwp%2Fv2%2Fcomments&post=192"}],"version-history":[{"count":42,"href":"https:\/\/www.microbox.cz\/index.php?rest_route=\/wp\/v2\/pages\/192\/revisions"}],"predecessor-version":[{"id":1571,"href":"https:\/\/www.microbox.cz\/index.php?rest_route=\/wp\/v2\/pages\/192\/revisions\/1571"}],"up":[{"embeddable":true,"href":"https:\/\/www.microbox.cz\/index.php?rest_route=\/wp\/v2\/pages\/168"}],"wp:attachment":[{"href":"https:\/\/www.microbox.cz\/index.php?rest_route=%2Fwp%2Fv2%2Fmedia&parent=192"}],"curies":[{"name":"wp","href":"https:\/\/api.w.org\/{rel}","templated":true}]}}