{"id":447,"date":"2014-11-13T14:05:18","date_gmt":"2014-11-13T14:05:18","guid":{"rendered":"http:\/\/www.microbox.cz\/?page_id=447"},"modified":"2016-10-27T07:22:41","modified_gmt":"2016-10-27T07:22:41","slug":"typy-filtru-microbox","status":"publish","type":"page","link":"https:\/\/www.microbox.cz\/?page_id=447","title":{"rendered":"Typy filtr\u016f Microbox"},"content":{"rendered":"<p>P\u011bstebn\u00ed n\u00e1doby Microbox disponuj\u00ed \u010dty\u0159mi typy r\u016fzn\u00fdch filtr\u016f.<\/p>\n<p style=\"text-align: justify;\"><img loading=\"lazy\" class=\"wp-image-448 alignleft\" src=\"http:\/\/www.microbox.cz\/wp-content\/uploads\/2014\/11\/microbox-filtr1.png\" alt=\"\" width=\"274\" height=\"142\" srcset=\"https:\/\/www.microbox.cz\/wp-content\/uploads\/2014\/11\/microbox-filtr1.png 535w, https:\/\/www.microbox.cz\/wp-content\/uploads\/2014\/11\/microbox-filtr1-300x155.png 300w\" sizes=\"(max-width: 274px) 100vw, 274px\" \/><strong>Filtry L: b\u00edl\u00e9 filtry s pr\u016fm\u011brnou v\u00fdm\u011bnou plyn\u016f kolem 8-10 GE\/den<\/strong><\/p>\n<p style=\"text-align: justify;\"><strong>Filtry XL: \u017elut\u00e9 filtry s pr\u016fm\u011brnou v\u00fdm\u011bnou plyn\u016f kolem 13-15 GE\/den<\/strong><\/p>\n<p style=\"text-align: justify;\"><strong>Filtry XXL: \u010derven\u00e9 filtry s pr\u016fm\u011brnou v\u00fdm\u011bnou plyn\u016f kolem 15-18 GE\/den<\/strong><\/p>\n<p style=\"text-align: justify;\"><strong>Filtry XXL+: zelen\u00e9 filtry s pr\u016fm\u011brnou v\u00fdm\u011bnou plyn\u016f kolem 80-90 GE\/den<\/strong><\/p>\n<p style=\"text-align: justify;\">Toto barevn\u00e9 ozna\u010den\u00ed plat\u00ed pro Microboxy typu K300, K565, K870, K1000 a O540.<\/p>\n<p style=\"text-align: justify;\">Pro typy p\u011bstebn\u00edch n\u00e1dob O750, O1200, O1600, O2100 a dal\u0161\u00ed Microboxy s v\u011bt\u0161\u00edm objemem se pou\u017e\u00edvaj\u00ed standardn\u011b dva druhy filtr\u016f:<\/p>\n<p style=\"text-align: justify;\"><strong>Filtry XXL: b\u00edl\u00e9 filtry s pr\u016fm\u011brnou v\u00fdm\u011bnou plyn\u016f kolem 15-18 GE\/den<\/strong><\/p>\n<p style=\"text-align: justify;\"><strong>Filtry XXL+: zelen\u00e9 filtry s pr\u016fm\u011brnou v\u00fdm\u011bnou plyn\u016f kolem 80-90 GE\/den<\/strong><\/p>\n<p style=\"text-align: justify;\">Oproti n\u00e1dob\u00e1m s men\u0161\u00ed objemem je u filtru XXL pou\u017eit\u00e1 b\u00edl\u00e1 barva filtru.<\/p>\n<p><img loading=\"lazy\" class=\"wp-image-424 alignleft\" src=\"http:\/\/www.microbox.cz\/wp-content\/uploads\/2014\/10\/microbox-photo9.png\" alt=\"\" width=\"513\" height=\"171\" srcset=\"https:\/\/www.microbox.cz\/wp-content\/uploads\/2014\/10\/microbox-photo9.png 600w, https:\/\/www.microbox.cz\/wp-content\/uploads\/2014\/10\/microbox-photo9-300x100.png 300w\" sizes=\"(max-width: 513px) 100vw, 513px\" \/><\/p>\n<p>&nbsp;<\/p>\n<p>&nbsp;<\/p>\n","protected":false},"excerpt":{"rendered":"<p>P\u011bstebn\u00ed n\u00e1doby Microbox disponuj\u00ed \u010dty\u0159mi typy r\u016fzn\u00fdch filtr\u016f. Filtry L: b\u00edl\u00e9 filtry s pr\u016fm\u011brnou v\u00fdm\u011bnou plyn\u016f kolem 8-10 GE\/den Filtry XL: \u017elut\u00e9 filtry s pr\u016fm\u011brnou v\u00fdm\u011bnou plyn\u016f kolem 13-15 GE\/den Filtry XXL: \u010derven\u00e9 filtry s pr\u016fm\u011brnou v\u00fdm\u011bnou plyn\u016f kolem 15-18 GE\/den Filtry XXL+: zelen\u00e9 filtry s pr\u016fm\u011brnou v\u00fdm\u011bnou plyn\u016f kolem 80-90 GE\/den Toto barevn\u00e9 ozna\u010den\u00ed <a class=\"read-more\" href=\"https:\/\/www.microbox.cz\/?page_id=447\">...continue reading <span class=\"meta-nav\">&rarr;<\/span><\/a><\/p>\n","protected":false},"author":1,"featured_media":0,"parent":73,"menu_order":1,"comment_status":"closed","ping_status":"closed","template":"","meta":[],"_links":{"self":[{"href":"https:\/\/www.microbox.cz\/index.php?rest_route=\/wp\/v2\/pages\/447"}],"collection":[{"href":"https:\/\/www.microbox.cz\/index.php?rest_route=\/wp\/v2\/pages"}],"about":[{"href":"https:\/\/www.microbox.cz\/index.php?rest_route=\/wp\/v2\/types\/page"}],"author":[{"embeddable":true,"href":"https:\/\/www.microbox.cz\/index.php?rest_route=\/wp\/v2\/users\/1"}],"replies":[{"embeddable":true,"href":"https:\/\/www.microbox.cz\/index.php?rest_route=%2Fwp%2Fv2%2Fcomments&post=447"}],"version-history":[{"count":5,"href":"https:\/\/www.microbox.cz\/index.php?rest_route=\/wp\/v2\/pages\/447\/revisions"}],"predecessor-version":[{"id":757,"href":"https:\/\/www.microbox.cz\/index.php?rest_route=\/wp\/v2\/pages\/447\/revisions\/757"}],"up":[{"embeddable":true,"href":"https:\/\/www.microbox.cz\/index.php?rest_route=\/wp\/v2\/pages\/73"}],"wp:attachment":[{"href":"https:\/\/www.microbox.cz\/index.php?rest_route=%2Fwp%2Fv2%2Fmedia&parent=447"}],"curies":[{"name":"wp","href":"https:\/\/api.w.org\/{rel}","templated":true}]}}