{"id":520,"date":"2015-05-19T09:39:36","date_gmt":"2015-05-19T09:39:36","guid":{"rendered":"http:\/\/www.microbox.cz\/?page_id=520"},"modified":"2024-01-02T14:52:54","modified_gmt":"2024-01-02T14:52:54","slug":"pestujeme-houby","status":"publish","type":"page","link":"https:\/\/www.microbox.cz\/?page_id=520","title":{"rendered":"P\u011bstujeme houby"},"content":{"rendered":"\r\n<div class=\"wp-container-3 wp-block-group\"><div class=\"wp-block-group__inner-container\">\r\n<div class=\"wp-container-2 wp-block-columns\">\r\n<div class=\"wp-container-1 wp-block-column\" style=\"flex-basis: 100%;\">\r\n<p><script src=\"https:\/\/code.responsivevoice.org\/responsivevoice.js?key=zOyPaRpl\"><\/script><\/p>\r\n<p style=\"text-align: justify;\">Proto\u017ee hodn\u011b z\u00e1kazn\u00edk\u016f vyu\u017e\u00edv\u00e1 <strong><a href=\"http:\/\/www.microbox.cz\/?page_id=77\">Microboxy pro p\u011bstov\u00e1n\u00ed d\u0159evokazn\u00fdch hub<\/a><\/strong>,<\/p>\r\n<p style=\"text-align: justify;\">p\u0159edev\u0161\u00edm pro mno\u017een\u00ed a uchov\u00e1n\u00ed sadby i pro r\u016fzn\u00e9 p\u011bstebn\u00ed experimenty, p\u0159in\u00e1\u0161\u00edme v podstr\u00e1nk\u00e1ch roz\u0161\u00ed\u0159en\u00e9 informace o tomto zaj\u00edmav\u00e9m hobby, v\u010d. info o n\u00e1poji kombucha.<\/p>\r\n<p><strong><span style=\"color: #0000ff;\"><a style=\"color: #0000ff;\" title=\"D\u0159evokazn\u00e9 houby\" href=\"http:\/\/ohoubach.blogspot.cz\/\" target=\"_blank\" rel=\"noopener\">D\u0159evokazn\u00e9 houby<\/a><\/span><\/strong> - atlas a str\u00e1nky o d\u0159evokazn\u00fdch houb\u00e1ch<\/p>\r\n<p><strong><span style=\"color: #0000ff;\"><a style=\"color: #0000ff;\" title=\"Damyko\" href=\"http:\/\/www.damyko.info\/ForumA\/portal.php\" target=\"_blank\" rel=\"noopener\">Damyko<\/a><\/span><\/strong> - f\u00f3rum amat\u00e9rsk\u00fdch mykolog\u016f se spoustou rad a zku\u0161enost\u00ed houba\u0159\u016f<\/p>\r\n<p><strong><span style=\"color: #0000ff;\"><a style=\"color: #0000ff;\" title=\"Myko CZ\" href=\"http:\/\/www.myko.cz\/\" target=\"_blank\" rel=\"noopener\">MykoCZ<\/a><\/span><\/strong> - str\u00e1nky \u010desk\u00e9 mykologick\u00e9 spole\u010dnosti<\/p>\r\n<p><strong><span style=\"color: #333399;\"><a style=\"color: #333399;\" href=\"https:\/\/www.nahouby.cz\/\" target=\"_blank\" rel=\"noopener\">https:\/\/www.houbareni.cz\/<\/a><\/span><\/strong><\/p>\r\n<p><strong><span style=\"color: #333399;\"><a style=\"color: #333399;\" href=\"https:\/\/www.svethub.sk\/\" target=\"_blank\" rel=\"noopener\">https:\/\/www.svethub.sk\/<\/a><\/span><\/strong><\/p>\r\n<p><strong><span style=\"color: #333399;\"><a style=\"color: #333399;\" href=\"https:\/\/www.nahouby.cz\/\" target=\"_blank\" rel=\"noopener\">https:\/\/www.nahouby.cz\/<\/a><\/span><\/strong><\/p>\r\n<p><strong><span style=\"color: #333399;\"><a style=\"color: #333399;\" href=\"https:\/\/www.mycobank.org\/\" target=\"_blank\" rel=\"noopener\">https:\/\/www.mycobank.org\/<\/a><\/span><\/strong><\/p>\r\n<p><strong><span style=\"color: #333399;\"><a style=\"color: #333399;\" href=\"http:\/\/atlashub.net\/\" target=\"_blank\" rel=\"noopener\">http:\/\/atlashub.net\/<\/a><\/span><\/strong><\/p>\r\n<p><a href=\"https:\/\/kombucha.wbs.cz\/\" target=\"_blank\" rel=\"noopener\">https:\/\/kombucha.wbs.cz\/<\/a><\/p>\r\n<p><a href=\"http:\/\/www.funghi.cz\/\" target=\"_blank\" rel=\"noopener\">http:\/\/www.funghi.cz\/<\/a><\/p>\r\n<p><a href=\"https:\/\/everythingmushrooms.com\/\" target=\"_blank\" rel=\"noopener\">https:\/\/everythingmushrooms.com\/<\/a><\/p>\r\n<p><a href=\"https:\/\/www.reishi-ganoderma.cz\/\" target=\"_blank\" rel=\"noopener\">REISHI \u2013 GANODERMA LUCIDUM<\/a><\/p>\r\n<p><a href=\"https:\/\/grocycle.com\/\" target=\"_blank\" rel=\"noopener\">https:\/\/grocycle.com\/<\/a><\/p>\r\n<p><a href=\"https:\/\/www.gourmetmushrooms.co.uk\/\" target=\"_blank\" rel=\"noopener\">https:\/\/www.gourmetmushrooms.co.uk\/<\/a><\/p>\r\n<p><a href=\"https:\/\/fungi.com\/\" target=\"_blank\" rel=\"noopener\">https:\/\/fungi.com\/<\/a><\/p>\r\n<p><a href=\"https:\/\/fungiacademy.com\/\" target=\"_blank\" rel=\"noopener\">https:\/\/fungiacademy.com\/<\/a><\/p>\r\n<p style=\"text-align: justify;\"><em><strong>P\u011bstujeme houby<\/strong>\u00a0je samostatn\u00e1 rubrika s t\u00e9matikou p\u011bstov\u00e1n\u00ed d\u0159evokazn\u00fdch hub a jejich pou\u017eit\u00ed v kulin\u00e1\u0159stv\u00ed, potravinov\u00fdch dopl\u0148c\u00edch i v medic\u00edn\u011b. Nen\u00ed-li uvedeno jinak s odkazem, jsou ve\u0161ker\u00e9 dal\u0161\u00ed informace p\u0159evzaty z jin\u00fdch zdroj\u016f nebo prezentuj\u00ed osobn\u00ed n\u00e1zory autor\u016f z t\u011bchto zdroj\u016f. V\u0161echny tyto informace nenahrazuj\u00ed odborn\u00e9 konzultace nebo jin\u00e1 doporu\u010den\u00ed l\u00e9ka\u0159\u016f nebo l\u00e9k\u00e1rn\u00edk\u016f. Auto\u0159i neru\u010d\u00ed za \u017e\u00e1dnou \u00fajmu nebo \u0161kody zp\u016fsoben\u00e9 vyu\u017eit\u00edm informac\u00ed zde obsa\u017een\u00fdch, mylnou interpretac\u00ed nebo pokusnou aplikac\u00ed popsan\u00fdch zp\u016fsob\u016f.<\/em><\/p>\r\n<\/div>\r\n<\/div>\r\n<\/div><\/div>\r\n","protected":false},"excerpt":{"rendered":"<p>Proto\u017ee hodn\u011b z\u00e1kazn\u00edk\u016f vyu\u017e\u00edv\u00e1 Microboxy pro p\u011bstov\u00e1n\u00ed d\u0159evokazn\u00fdch hub, p\u0159edev\u0161\u00edm pro mno\u017een\u00ed a uchov\u00e1n\u00ed sadby i pro r\u016fzn\u00e9 p\u011bstebn\u00ed experimenty, p\u0159in\u00e1\u0161\u00edme v podstr\u00e1nk\u00e1ch roz\u0161\u00ed\u0159en\u00e9 informace o tomto zaj\u00edmav\u00e9m hobby, v\u010d. info o n\u00e1poji kombucha. D\u0159evokazn\u00e9 houby - atlas a str\u00e1nky o d\u0159evokazn\u00fdch houb\u00e1ch Damyko - f\u00f3rum amat\u00e9rsk\u00fdch mykolog\u016f se spoustou rad a zku\u0161enost\u00ed houba\u0159\u016f MykoCZ <a class=\"read-more\" href=\"https:\/\/www.microbox.cz\/?page_id=520\">...continue reading <span class=\"meta-nav\">&rarr;<\/span><\/a><\/p>\n","protected":false},"author":1,"featured_media":0,"parent":0,"menu_order":5,"comment_status":"closed","ping_status":"closed","template":"","meta":[],"_links":{"self":[{"href":"https:\/\/www.microbox.cz\/index.php?rest_route=\/wp\/v2\/pages\/520"}],"collection":[{"href":"https:\/\/www.microbox.cz\/index.php?rest_route=\/wp\/v2\/pages"}],"about":[{"href":"https:\/\/www.microbox.cz\/index.php?rest_route=\/wp\/v2\/types\/page"}],"author":[{"embeddable":true,"href":"https:\/\/www.microbox.cz\/index.php?rest_route=\/wp\/v2\/users\/1"}],"replies":[{"embeddable":true,"href":"https:\/\/www.microbox.cz\/index.php?rest_route=%2Fwp%2Fv2%2Fcomments&post=520"}],"version-history":[{"count":33,"href":"https:\/\/www.microbox.cz\/index.php?rest_route=\/wp\/v2\/pages\/520\/revisions"}],"predecessor-version":[{"id":1351,"href":"https:\/\/www.microbox.cz\/index.php?rest_route=\/wp\/v2\/pages\/520\/revisions\/1351"}],"wp:attachment":[{"href":"https:\/\/www.microbox.cz\/index.php?rest_route=%2Fwp%2Fv2%2Fmedia&parent=520"}],"curies":[{"name":"wp","href":"https:\/\/api.w.org\/{rel}","templated":true}]}}