{"id":71,"date":"2014-10-14T17:53:52","date_gmt":"2014-10-14T17:53:52","guid":{"rendered":"http:\/\/www.microbox.cz\/?page_id=71"},"modified":"2023-10-10T13:17:13","modified_gmt":"2023-10-10T13:17:13","slug":"vyuziti-microbox","status":"publish","type":"page","link":"https:\/\/www.microbox.cz\/?page_id=71","title":{"rendered":"Pou\u017eit\u00ed MICROBOX"},"content":{"rendered":"<p><script src=\"https:\/\/code.responsivevoice.org\/responsivevoice.js?key=zOyPaRpl\"><\/script><\/p>\n<p style=\"text-align: justify;\">Microbox n\u00e1doby s \u00fa\u010dinn\u00fdm filtra\u010dn\u00edm syst\u00e9mem maj\u00ed velmi \u0161irok\u00e9 spektrum pou\u017eit\u00ed v r\u016fzn\u00fdch druz\u00edch p\u011bstov\u00e1n\u00ed a produkci.<\/p>\n<p><strong>P\u011bstov\u00e1n\u00ed in vitro (mikropropagace)<\/strong><\/p>\n<p><strong>P\u011bstov\u00e1n\u00ed rostlin v\u0161ech druh\u016f<\/strong><\/p>\n<p><strong>P\u011bstov\u00e1n\u00ed hub a podhoub\u00ed<\/strong><\/p>\n<p><strong>P\u011bstov\u00e1n\u00ed kl\u00ed\u010dk\u016f a v\u00fdhonk\u016f ze semen<\/strong><\/p>\n<p><strong>P\u011bstov\u00e1n\u00ed microgreens<\/strong><\/p>\n<p><strong>Chov a produkce hmyzu, larev, \u017e\u00ed\u017eal atp.<\/strong><\/p>\n<p style=\"text-align: justify;\"><img loading=\"lazy\" class=\"alignnone wp-image-390 size-full\" src=\"http:\/\/www.microbox.cz\/wp-content\/uploads\/2014\/10\/tissue-culture1.png\" alt=\"\" width=\"495\" height=\"334\" srcset=\"https:\/\/www.microbox.cz\/wp-content\/uploads\/2014\/10\/tissue-culture1.png 495w, https:\/\/www.microbox.cz\/wp-content\/uploads\/2014\/10\/tissue-culture1-300x202.png 300w\" sizes=\"(max-width: 495px) 100vw, 495px\" \/><\/p>\n<p>Bli\u017e\u0161\u00ed popis pou\u017eit\u00ed Microbox\u016f najdete v jednotliv\u00fdch z\u00e1lo\u017ek\u00e1ch.<\/p>\n","protected":false},"excerpt":{"rendered":"<p>Microbox n\u00e1doby s \u00fa\u010dinn\u00fdm filtra\u010dn\u00edm syst\u00e9mem maj\u00ed velmi \u0161irok\u00e9 spektrum pou\u017eit\u00ed v r\u016fzn\u00fdch druz\u00edch p\u011bstov\u00e1n\u00ed a produkci. P\u011bstov\u00e1n\u00ed in vitro (mikropropagace) P\u011bstov\u00e1n\u00ed rostlin v\u0161ech druh\u016f P\u011bstov\u00e1n\u00ed hub a podhoub\u00ed P\u011bstov\u00e1n\u00ed kl\u00ed\u010dk\u016f a v\u00fdhonk\u016f ze semen P\u011bstov\u00e1n\u00ed microgreens Chov a produkce hmyzu, larev, \u017e\u00ed\u017eal atp. Bli\u017e\u0161\u00ed popis pou\u017eit\u00ed Microbox\u016f najdete v jednotliv\u00fdch z\u00e1lo\u017ek\u00e1ch.<\/p>\n","protected":false},"author":1,"featured_media":0,"parent":0,"menu_order":2,"comment_status":"closed","ping_status":"closed","template":"","meta":[],"_links":{"self":[{"href":"https:\/\/www.microbox.cz\/index.php?rest_route=\/wp\/v2\/pages\/71"}],"collection":[{"href":"https:\/\/www.microbox.cz\/index.php?rest_route=\/wp\/v2\/pages"}],"about":[{"href":"https:\/\/www.microbox.cz\/index.php?rest_route=\/wp\/v2\/types\/page"}],"author":[{"embeddable":true,"href":"https:\/\/www.microbox.cz\/index.php?rest_route=\/wp\/v2\/users\/1"}],"replies":[{"embeddable":true,"href":"https:\/\/www.microbox.cz\/index.php?rest_route=%2Fwp%2Fv2%2Fcomments&post=71"}],"version-history":[{"count":15,"href":"https:\/\/www.microbox.cz\/index.php?rest_route=\/wp\/v2\/pages\/71\/revisions"}],"predecessor-version":[{"id":1758,"href":"https:\/\/www.microbox.cz\/index.php?rest_route=\/wp\/v2\/pages\/71\/revisions\/1758"}],"wp:attachment":[{"href":"https:\/\/www.microbox.cz\/index.php?rest_route=%2Fwp%2Fv2%2Fmedia&parent=71"}],"curies":[{"name":"wp","href":"https:\/\/api.w.org\/{rel}","templated":true}]}}