{"id":895,"date":"2017-02-19T22:23:15","date_gmt":"2017-02-19T22:23:15","guid":{"rendered":"http:\/\/www.microbox.cz\/?page_id=895"},"modified":"2020-11-04T23:14:39","modified_gmt":"2020-11-04T23:14:39","slug":"hydroponie-video","status":"publish","type":"page","link":"https:\/\/www.microbox.cz\/?page_id=895","title":{"rendered":"Hydroponie video"},"content":{"rendered":"<p style=\"text-align: justify;\"><strong>Microboxy se daj\u00ed po men\u0161\u00ed \u00faprav\u011b pou\u017e\u00edt i jako n\u00e1doby pro hydroponick\u00e9 p\u011bstovan\u00ed. Co je hydroponie p\u0159ibli\u017euje n\u011bkolik video uk\u00e1zek.<\/strong><\/p>\n<p><iframe loading=\"lazy\" src=\"\/\/www.youtube.com\/embed\/DUVtUB_78iI\" width=\"600\" height=\"450\" frameborder=\"0\"><\/iframe><\/p>\n<p><iframe loading=\"lazy\" src=\"\/\/www.youtube.com\/embed\/6kUm_I7bLYw\" width=\"600\" height=\"450\" frameborder=\"0\"><\/iframe><\/p>\n<p><iframe loading=\"lazy\" src=\"\/\/www.youtube.com\/embed\/w83yyLUr5-U\" width=\"600\" height=\"450\" frameborder=\"0\"><\/iframe><\/p>\n<p><iframe loading=\"lazy\" src=\"\/\/www.youtube.com\/embed\/nXy32Dr4Z4A\" width=\"600\" height=\"450\" frameborder=\"0\"><\/iframe><\/p>\n<p><iframe loading=\"lazy\" src=\"\/\/www.youtube.com\/embed\/o1QXCnC-2h4\" width=\"600\" height=\"450\" frameborder=\"0\"><\/iframe><\/p>\n<p><iframe loading=\"lazy\" src=\"\/\/www.youtube.com\/embed\/LxF-fBNtaY0\" width=\"600\" height=\"450\" frameborder=\"0\"><\/iframe><\/p>\n","protected":false},"excerpt":{"rendered":"<p>Microboxy se daj\u00ed po men\u0161\u00ed \u00faprav\u011b pou\u017e\u00edt i jako n\u00e1doby pro hydroponick\u00e9 p\u011bstovan\u00ed. Co je hydroponie p\u0159ibli\u017euje n\u011bkolik video uk\u00e1zek.<\/p>\n","protected":false},"author":1,"featured_media":0,"parent":0,"menu_order":0,"comment_status":"closed","ping_status":"closed","template":"","meta":[],"_links":{"self":[{"href":"https:\/\/www.microbox.cz\/index.php?rest_route=\/wp\/v2\/pages\/895"}],"collection":[{"href":"https:\/\/www.microbox.cz\/index.php?rest_route=\/wp\/v2\/pages"}],"about":[{"href":"https:\/\/www.microbox.cz\/index.php?rest_route=\/wp\/v2\/types\/page"}],"author":[{"embeddable":true,"href":"https:\/\/www.microbox.cz\/index.php?rest_route=\/wp\/v2\/users\/1"}],"replies":[{"embeddable":true,"href":"https:\/\/www.microbox.cz\/index.php?rest_route=%2Fwp%2Fv2%2Fcomments&post=895"}],"version-history":[{"count":5,"href":"https:\/\/www.microbox.cz\/index.php?rest_route=\/wp\/v2\/pages\/895\/revisions"}],"predecessor-version":[{"id":1224,"href":"https:\/\/www.microbox.cz\/index.php?rest_route=\/wp\/v2\/pages\/895\/revisions\/1224"}],"wp:attachment":[{"href":"https:\/\/www.microbox.cz\/index.php?rest_route=%2Fwp%2Fv2%2Fmedia&parent=895"}],"curies":[{"name":"wp","href":"https:\/\/api.w.org\/{rel}","templated":true}]}}